{"id":183,"date":"2026-04-10T15:39:56","date_gmt":"2026-04-10T13:39:56","guid":{"rendered":"https:\/\/www.foretadrenaline.com\/vannes\/?page_id=183"},"modified":"2026-05-05T08:49:48","modified_gmt":"2026-05-05T06:49:48","slug":"reservation-contact","status":"publish","type":"page","link":"https:\/\/www.foretadrenaline.com\/vannes\/reservation-contact\/","title":{"rendered":"R\u00e9servation &amp; Contact"},"content":{"rendered":"\n<div style=\"height:50px\" aria-hidden=\"true\" class=\"wp-block-spacer\"><\/div>\n\n\n<div class=\"wp-block-image\">\n<figure class=\"aligncenter size-full is-resized\"><img decoding=\"async\" src=\"https:\/\/www.foretadrenaline.com\/carnac\/wp-content\/uploads\/sites\/2\/2024\/07\/mode-paiement.png\" alt=\"\" class=\"wp-image-7487\" style=\"width:700px\" \/><\/figure>\n<\/div>\n\n\n<h2 class=\"wp-block-heading has-text-align-center has-luminous-vivid-orange-color has-text-color\">R\u00e9servez en ligne sans r\u00e8glement<\/h2>\n\n\n\n<p class=\"has-text-align-center has-black-color has-text-color\"><strong><strong>La r\u00e9servation est fortement recommand\u00e9e !!!<\/strong><br>La capacit\u00e9 par d\u00e9part est r\u00e9duite. Si plus de place, appelez nous car il se peut que l\u2019on ouvre des d\u00e9parts suppl\u00e9mentaires.<\/strong><\/p>\n\n\n\n<div style=\"height:30px\" aria-hidden=\"true\" class=\"wp-block-spacer\"><\/div>\n\n\n\n<h3 class=\"wp-block-heading has-text-align-center\">1 d\u00e9part par jour \u00e0 tarif r\u00e9duit en r\u00e9servant en ligne<\/h3>\n\n\n\n<p class=\"has-text-align-left has-black-color has-text-color\"><strong>Pour connaitre<\/strong> <strong>le d\u00e9part \u00e0 tarif r\u00e9duit,  r\u00e9servez en ligne<\/strong> .<br>Le module de r\u00e9servation vous proposera plusieurs d\u00e9parts (horaires) lorsque vous aurez choisi le jour de votre venue. Tous les d\u00e9parts ne sont pas \u00e0 tarif r\u00e9duit &#8211; il n&rsquo;y en n&rsquo;a qu&rsquo;un seul par jour. Si le site ne vous le propose pas, c&rsquo;est qu&rsquo;il est complet et qu&rsquo;il n&rsquo;y a plus de place!<\/p>\n\n\n\n<h3 class=\"wp-block-heading has-text-align-center\">R\u00e9duction, entr\u00e9e gratuite, d\u00e9j\u00e0 r\u00e9gl\u00e9e ou offerte, pass annuel<\/h3>\n\n\n\n<ul class=\"wp-block-list\">\n<li><strong>Si vous b\u00e9n\u00e9ficiez d&rsquo;une r\u00e9duction<\/strong> <strong>ou d&rsquo;un pass annuel ou d&rsquo;un billet d\u00e9j\u00e0 r\u00e9gl\u00e9 ou offert<\/strong> : r\u00e9servez sur la base du plein tarif et pr\u00e9sentez le justificatif de r\u00e9duction en caisse, le jour de la r\u00e9servation. <\/li>\n\n\n\n<li><strong>Flyer -50% sur les 2\u00e8me entr\u00e9es<\/strong> : la r\u00e9duction est valable les apr\u00e8s-midis lorsque nous ne sommes pas ouvert le matin.<\/li>\n<\/ul>\n\n\n\n<h3 class=\"wp-block-heading has-text-align-center\">Pour consulter le calendrier d&rsquo;ouverture et les pics de fr\u00e9quentations&#8230;<\/h3>\n\n\n\n<div class=\"wp-block-buttons is-content-justification-center is-layout-flex wp-container-core-buttons-is-layout-16018d1d wp-block-buttons-is-layout-flex\">\n<div class=\"wp-block-button is-style-outline is-style-outline--1\"><a class=\"wp-block-button__link has-main-color has-white-background-color has-text-color has-background has-link-color has-small-font-size has-custom-font-size wp-element-button\"><strong>&#8230; rendez-vous sur la page \u00ab\u00a0Calendrier d&rsquo;ouverture\u00a0\u00bb<\/strong><\/a><\/div>\n<\/div>\n\n\n\n<p><\/p>\n","protected":false},"excerpt":{"rendered":"<p>R\u00e9servez en ligne sans r\u00e8glement La r\u00e9servation est fortement recommand\u00e9e !!!La capacit\u00e9 par d\u00e9part est r\u00e9duite. Si plus de place, appelez nous car il se peut que l\u2019on ouvre des d\u00e9parts suppl\u00e9mentaires. 1 d\u00e9part par jour \u00e0 tarif r\u00e9duit en r\u00e9servant en ligne Pour connaitre le d\u00e9part \u00e0 tarif r\u00e9duit, r\u00e9servez en ligne .Le module&hellip;<\/p>\n","protected":false},"author":2,"featured_media":0,"parent":0,"menu_order":0,"comment_status":"closed","ping_status":"closed","template":"template-reservation-contact.php","meta":{"_acf_changed":false,"footnotes":""},"class_list":["post-183","page","type-page","status-publish","hentry"],"acf":[],"yoast_head":"<!-- This site is optimized with the Yoast SEO plugin v27.5 - https:\/\/yoast.com\/product\/yoast-seo-wordpress\/ -->\n<title>R\u00e9servation &amp; Contact - Tramp\u00d4forest parck Vannes<\/title>\n<meta name=\"description\" content=\"La r\u00e9servation pour le parc accrobranche For\u00eat Adr\u00e9naline est possible en ligne: 1 d\u00e9part par jour \u00e0 tarif r\u00e9duit en r\u00e9servant sur le site\" \/>\n<meta name=\"robots\" content=\"index, follow, max-snippet:-1, max-image-preview:large, max-video-preview:-1\" \/>\n<link rel=\"canonical\" href=\"https:\/\/www.foretadrenaline.com\/vannes\/reservation-contact\/\" \/>\n<meta property=\"og:locale\" content=\"fr_FR\" \/>\n<meta property=\"og:type\" content=\"article\" \/>\n<meta property=\"og:title\" content=\"R\u00e9servation &amp; Contact - Tramp\u00d4forest parck Vannes\" \/>\n<meta property=\"og:description\" content=\"La r\u00e9servation pour le parc accrobranche For\u00eat Adr\u00e9naline est possible en ligne: 1 d\u00e9part par jour \u00e0 tarif r\u00e9duit en r\u00e9servant sur le site\" \/>\n<meta property=\"og:url\" content=\"https:\/\/www.foretadrenaline.com\/vannes\/reservation-contact\/\" \/>\n<meta property=\"og:site_name\" content=\"For\u00eat Adr\u00e9naline - Vannes\" \/>\n<meta property=\"article:modified_time\" content=\"2026-05-05T06:49:48+00:00\" \/>\n<meta name=\"twitter:card\" content=\"summary_large_image\" \/>\n<meta name=\"twitter:label1\" content=\"Dur\u00e9e de lecture estim\u00e9e\" \/>\n\t<meta name=\"twitter:data1\" content=\"4 minutes\" \/>\n<script type=\"application\/ld+json\" class=\"yoast-schema-graph\">{\"@context\":\"https:\\\/\\\/schema.org\",\"@graph\":[{\"@type\":\"WebPage\",\"@id\":\"https:\\\/\\\/www.foretadrenaline.com\\\/vannes\\\/reservation-contact\\\/\",\"url\":\"https:\\\/\\\/www.foretadrenaline.com\\\/vannes\\\/reservation-contact\\\/\",\"name\":\"R\u00e9servation &amp; Contact - Tramp\u00d4forest parck Vannes\",\"isPartOf\":{\"@id\":\"https:\\\/\\\/www.foretadrenaline.com\\\/vannes\\\/#website\"},\"primaryImageOfPage\":{\"@id\":\"https:\\\/\\\/www.foretadrenaline.com\\\/vannes\\\/reservation-contact\\\/#primaryimage\"},\"image\":{\"@id\":\"https:\\\/\\\/www.foretadrenaline.com\\\/vannes\\\/reservation-contact\\\/#primaryimage\"},\"thumbnailUrl\":\"https:\\\/\\\/www.foretadrenaline.com\\\/carnac\\\/wp-content\\\/uploads\\\/sites\\\/2\\\/2024\\\/07\\\/mode-paiement.png\",\"datePublished\":\"2026-04-10T13:39:56+00:00\",\"dateModified\":\"2026-05-05T06:49:48+00:00\",\"description\":\"La r\u00e9servation pour le parc accrobranche For\u00eat Adr\u00e9naline est possible en ligne: 1 d\u00e9part par jour \u00e0 tarif r\u00e9duit en r\u00e9servant sur le site\",\"breadcrumb\":{\"@id\":\"https:\\\/\\\/www.foretadrenaline.com\\\/vannes\\\/reservation-contact\\\/#breadcrumb\"},\"inLanguage\":\"fr-FR\",\"potentialAction\":[{\"@type\":\"ReadAction\",\"target\":[\"https:\\\/\\\/www.foretadrenaline.com\\\/vannes\\\/reservation-contact\\\/\"]}]},{\"@type\":\"ImageObject\",\"inLanguage\":\"fr-FR\",\"@id\":\"https:\\\/\\\/www.foretadrenaline.com\\\/vannes\\\/reservation-contact\\\/#primaryimage\",\"url\":\"https:\\\/\\\/www.foretadrenaline.com\\\/carnac\\\/wp-content\\\/uploads\\\/sites\\\/2\\\/2024\\\/07\\\/mode-paiement.png\",\"contentUrl\":\"https:\\\/\\\/www.foretadrenaline.com\\\/carnac\\\/wp-content\\\/uploads\\\/sites\\\/2\\\/2024\\\/07\\\/mode-paiement.png\"},{\"@type\":\"BreadcrumbList\",\"@id\":\"https:\\\/\\\/www.foretadrenaline.com\\\/vannes\\\/reservation-contact\\\/#breadcrumb\",\"itemListElement\":[{\"@type\":\"ListItem\",\"position\":1,\"name\":\"Accueil\",\"item\":\"https:\\\/\\\/www.foretadrenaline.com\\\/vannes\\\/\"},{\"@type\":\"ListItem\",\"position\":2,\"name\":\"R\u00e9servation &amp; Contact\"}]},{\"@type\":\"WebSite\",\"@id\":\"https:\\\/\\\/www.foretadrenaline.com\\\/vannes\\\/#website\",\"url\":\"https:\\\/\\\/www.foretadrenaline.com\\\/vannes\\\/\",\"name\":\"For\u00eat Adr\u00e9naline - Vannes\",\"description\":\"\",\"potentialAction\":[{\"@type\":\"SearchAction\",\"target\":{\"@type\":\"EntryPoint\",\"urlTemplate\":\"https:\\\/\\\/www.foretadrenaline.com\\\/vannes\\\/?s={search_term_string}\"},\"query-input\":{\"@type\":\"PropertyValueSpecification\",\"valueRequired\":true,\"valueName\":\"search_term_string\"}}],\"inLanguage\":\"fr-FR\"}]}<\/script>\n<!-- \/ Yoast SEO plugin. -->","yoast_head_json":{"title":"R\u00e9servation &amp; Contact - Tramp\u00d4forest parck Vannes","description":"La r\u00e9servation pour le parc accrobranche For\u00eat Adr\u00e9naline est possible en ligne: 1 d\u00e9part par jour \u00e0 tarif r\u00e9duit en r\u00e9servant sur le site","robots":{"index":"index","follow":"follow","max-snippet":"max-snippet:-1","max-image-preview":"max-image-preview:large","max-video-preview":"max-video-preview:-1"},"canonical":"https:\/\/www.foretadrenaline.com\/vannes\/reservation-contact\/","og_locale":"fr_FR","og_type":"article","og_title":"R\u00e9servation &amp; Contact - Tramp\u00d4forest parck Vannes","og_description":"La r\u00e9servation pour le parc accrobranche For\u00eat Adr\u00e9naline est possible en ligne: 1 d\u00e9part par jour \u00e0 tarif r\u00e9duit en r\u00e9servant sur le site","og_url":"https:\/\/www.foretadrenaline.com\/vannes\/reservation-contact\/","og_site_name":"For\u00eat Adr\u00e9naline - Vannes","article_modified_time":"2026-05-05T06:49:48+00:00","twitter_card":"summary_large_image","twitter_misc":{"Dur\u00e9e de lecture estim\u00e9e":"4 minutes"},"schema":{"@context":"https:\/\/schema.org","@graph":[{"@type":"WebPage","@id":"https:\/\/www.foretadrenaline.com\/vannes\/reservation-contact\/","url":"https:\/\/www.foretadrenaline.com\/vannes\/reservation-contact\/","name":"R\u00e9servation &amp; Contact - Tramp\u00d4forest parck Vannes","isPartOf":{"@id":"https:\/\/www.foretadrenaline.com\/vannes\/#website"},"primaryImageOfPage":{"@id":"https:\/\/www.foretadrenaline.com\/vannes\/reservation-contact\/#primaryimage"},"image":{"@id":"https:\/\/www.foretadrenaline.com\/vannes\/reservation-contact\/#primaryimage"},"thumbnailUrl":"https:\/\/www.foretadrenaline.com\/carnac\/wp-content\/uploads\/sites\/2\/2024\/07\/mode-paiement.png","datePublished":"2026-04-10T13:39:56+00:00","dateModified":"2026-05-05T06:49:48+00:00","description":"La r\u00e9servation pour le parc accrobranche For\u00eat Adr\u00e9naline est possible en ligne: 1 d\u00e9part par jour \u00e0 tarif r\u00e9duit en r\u00e9servant sur le site","breadcrumb":{"@id":"https:\/\/www.foretadrenaline.com\/vannes\/reservation-contact\/#breadcrumb"},"inLanguage":"fr-FR","potentialAction":[{"@type":"ReadAction","target":["https:\/\/www.foretadrenaline.com\/vannes\/reservation-contact\/"]}]},{"@type":"ImageObject","inLanguage":"fr-FR","@id":"https:\/\/www.foretadrenaline.com\/vannes\/reservation-contact\/#primaryimage","url":"https:\/\/www.foretadrenaline.com\/carnac\/wp-content\/uploads\/sites\/2\/2024\/07\/mode-paiement.png","contentUrl":"https:\/\/www.foretadrenaline.com\/carnac\/wp-content\/uploads\/sites\/2\/2024\/07\/mode-paiement.png"},{"@type":"BreadcrumbList","@id":"https:\/\/www.foretadrenaline.com\/vannes\/reservation-contact\/#breadcrumb","itemListElement":[{"@type":"ListItem","position":1,"name":"Accueil","item":"https:\/\/www.foretadrenaline.com\/vannes\/"},{"@type":"ListItem","position":2,"name":"R\u00e9servation &amp; Contact"}]},{"@type":"WebSite","@id":"https:\/\/www.foretadrenaline.com\/vannes\/#website","url":"https:\/\/www.foretadrenaline.com\/vannes\/","name":"For\u00eat Adr\u00e9naline - Vannes","description":"","potentialAction":[{"@type":"SearchAction","target":{"@type":"EntryPoint","urlTemplate":"https:\/\/www.foretadrenaline.com\/vannes\/?s={search_term_string}"},"query-input":{"@type":"PropertyValueSpecification","valueRequired":true,"valueName":"search_term_string"}}],"inLanguage":"fr-FR"}]}},"_links":{"self":[{"href":"https:\/\/www.foretadrenaline.com\/vannes\/wp-json\/wp\/v2\/pages\/183","targetHints":{"allow":["GET"]}}],"collection":[{"href":"https:\/\/www.foretadrenaline.com\/vannes\/wp-json\/wp\/v2\/pages"}],"about":[{"href":"https:\/\/www.foretadrenaline.com\/vannes\/wp-json\/wp\/v2\/types\/page"}],"author":[{"embeddable":true,"href":"https:\/\/www.foretadrenaline.com\/vannes\/wp-json\/wp\/v2\/users\/2"}],"replies":[{"embeddable":true,"href":"https:\/\/www.foretadrenaline.com\/vannes\/wp-json\/wp\/v2\/comments?post=183"}],"version-history":[{"count":4,"href":"https:\/\/www.foretadrenaline.com\/vannes\/wp-json\/wp\/v2\/pages\/183\/revisions"}],"predecessor-version":[{"id":584,"href":"https:\/\/www.foretadrenaline.com\/vannes\/wp-json\/wp\/v2\/pages\/183\/revisions\/584"}],"wp:attachment":[{"href":"https:\/\/www.foretadrenaline.com\/vannes\/wp-json\/wp\/v2\/media?parent=183"}],"curies":[{"name":"wp","href":"https:\/\/api.w.org\/{rel}","templated":true}]}}