{"id":187,"date":"2026-04-10T15:45:54","date_gmt":"2026-04-10T13:45:54","guid":{"rendered":"https:\/\/www.foretadrenaline.com\/vannes\/?page_id=187"},"modified":"2026-05-06T10:44:53","modified_gmt":"2026-05-06T08:44:53","slug":"reservation","status":"publish","type":"page","link":"https:\/\/www.foretadrenaline.com\/vannes\/reservation\/","title":{"rendered":"R\u00e9servation"},"content":{"rendered":"\n<h2 class=\"wp-block-heading has-text-align-center has-main-color has-text-color\">R\u00e9servez en ligne sans r\u00e8glement<\/h2>\n\n\n\n<p class=\"has-text-align-center\">Le <strong>paiement se fait sur place<\/strong>, le jour de votre visite, et non en ligne !<\/p>\n\n\n<div class=\"wp-block-image\">\n<figure class=\"aligncenter size-full is-resized\"><img decoding=\"async\" src=\"https:\/\/www.foretadrenaline.com\/carnac\/wp-content\/uploads\/sites\/2\/2024\/07\/mode-paiement.png\" alt=\"\" class=\"wp-image-7487\" style=\"width:700px\" \/><\/figure>\n<\/div>\n\n\n<p class=\"has-text-align-center\"><br><strong>Aucune confirmation de r\u00e9servation par e-mail ni t\u00e9l\u00e9phone<\/strong>, il vous suffit de vous pr\u00e9senter \u00e0 l&rsquo;accueil en donnant votre nom.<\/p>\n\n\n\n<p class=\"has-text-align-center\">Vous avez un billet d\u00e9j\u00e0 r\u00e9gl\u00e9, une r\u00e9duction un ch\u00e8que cadeau, etc&#8230;., merci d\u2019effectuer votre r\u00e9servation normalement sur la base du plein tarif. Le jour de votre visite, pensez \u00e0 <strong>apporter votre<\/strong> <strong>coupon promo<\/strong>, <strong>billet,<\/strong> etc&#8230; afin que nous puissions appliquer la remise.<\/p>\n\n\n\n<p class=\"has-text-align-center\">Prenez de l\u2019eau, car il n\u2019y a pas d\u2019eau potable sur le site. Pensez \u00e0 consulter notre page <a href=\"https:\/\/www.foretadrenaline.com\/vannes\/preparer-sa-venue\/\" target=\"_blank\" rel=\"noreferrer noopener\">\u00ab\u00a0pr\u00e9parer sa venue\u00a0\u00bb<\/a><\/p>\n\n\n\n<!-- iframe plugin v.6.0 wordpress.org\/plugins\/iframe\/ -->\n<iframe loading=\"lazy\" src=\"https:\/\/gestion-foretadrenaline.com\/VANNES8\/internet1.php\" width=\"100%\" height=\"1500\" scrolling=\"yes\" class=\"iframe-class\" frameborder=\"0\"><\/iframe>\n\n\n\n\n<p><\/p>\n","protected":false},"excerpt":{"rendered":"<p>R\u00e9servez en ligne sans r\u00e8glement Le paiement se fait sur place, le jour de votre visite, et non en ligne ! Aucune confirmation de r\u00e9servation par e-mail ni t\u00e9l\u00e9phone, il vous suffit de vous pr\u00e9senter \u00e0 l&rsquo;accueil en donnant votre nom. Vous avez un billet d\u00e9j\u00e0 r\u00e9gl\u00e9, une r\u00e9duction un ch\u00e8que cadeau, etc&#8230;., merci d\u2019effectuer&hellip;<\/p>\n","protected":false},"author":2,"featured_media":0,"parent":0,"menu_order":0,"comment_status":"closed","ping_status":"closed","template":"template-reservation-contact-tabs.php","meta":{"_acf_changed":false,"footnotes":""},"class_list":["post-187","page","type-page","status-publish","hentry"],"acf":[],"yoast_head":"<!-- This site is optimized with the Yoast SEO plugin v27.5 - https:\/\/yoast.com\/product\/yoast-seo-wordpress\/ -->\n<title>R\u00e9servation - Tramp\u00d4forest Park Vannes<\/title>\n<meta name=\"description\" content=\"R\u00e9servez en ligne sans r\u00e8glement. Le paiement se fait sur place, le jour de votre visite, et non en ligne !\" \/>\n<meta name=\"robots\" content=\"index, follow, max-snippet:-1, max-image-preview:large, max-video-preview:-1\" \/>\n<link rel=\"canonical\" href=\"https:\/\/www.foretadrenaline.com\/vannes\/reservation\/\" \/>\n<meta property=\"og:locale\" content=\"fr_FR\" \/>\n<meta property=\"og:type\" content=\"article\" \/>\n<meta property=\"og:title\" content=\"R\u00e9servation - Tramp\u00d4forest Park Vannes\" \/>\n<meta property=\"og:description\" content=\"R\u00e9servez en ligne sans r\u00e8glement. Le paiement se fait sur place, le jour de votre visite, et non en ligne !\" \/>\n<meta property=\"og:url\" content=\"https:\/\/www.foretadrenaline.com\/vannes\/reservation\/\" \/>\n<meta property=\"og:site_name\" content=\"For\u00eat Adr\u00e9naline - Vannes\" \/>\n<meta property=\"article:modified_time\" content=\"2026-05-06T08:44:53+00:00\" \/>\n<meta name=\"twitter:card\" content=\"summary_large_image\" \/>\n<meta name=\"twitter:label1\" content=\"Dur\u00e9e de lecture estim\u00e9e\" \/>\n\t<meta name=\"twitter:data1\" content=\"1 minute\" \/>\n<script type=\"application\/ld+json\" class=\"yoast-schema-graph\">{\"@context\":\"https:\\\/\\\/schema.org\",\"@graph\":[{\"@type\":\"WebPage\",\"@id\":\"https:\\\/\\\/www.foretadrenaline.com\\\/vannes\\\/reservation\\\/\",\"url\":\"https:\\\/\\\/www.foretadrenaline.com\\\/vannes\\\/reservation\\\/\",\"name\":\"R\u00e9servation - Tramp\u00d4forest Park Vannes\",\"isPartOf\":{\"@id\":\"https:\\\/\\\/www.foretadrenaline.com\\\/vannes\\\/#website\"},\"primaryImageOfPage\":{\"@id\":\"https:\\\/\\\/www.foretadrenaline.com\\\/vannes\\\/reservation\\\/#primaryimage\"},\"image\":{\"@id\":\"https:\\\/\\\/www.foretadrenaline.com\\\/vannes\\\/reservation\\\/#primaryimage\"},\"thumbnailUrl\":\"https:\\\/\\\/www.foretadrenaline.com\\\/carnac\\\/wp-content\\\/uploads\\\/sites\\\/2\\\/2024\\\/07\\\/mode-paiement.png\",\"datePublished\":\"2026-04-10T13:45:54+00:00\",\"dateModified\":\"2026-05-06T08:44:53+00:00\",\"description\":\"R\u00e9servez en ligne sans r\u00e8glement. Le paiement se fait sur place, le jour de votre visite, et non en ligne !\",\"breadcrumb\":{\"@id\":\"https:\\\/\\\/www.foretadrenaline.com\\\/vannes\\\/reservation\\\/#breadcrumb\"},\"inLanguage\":\"fr-FR\",\"potentialAction\":[{\"@type\":\"ReadAction\",\"target\":[\"https:\\\/\\\/www.foretadrenaline.com\\\/vannes\\\/reservation\\\/\"]}]},{\"@type\":\"ImageObject\",\"inLanguage\":\"fr-FR\",\"@id\":\"https:\\\/\\\/www.foretadrenaline.com\\\/vannes\\\/reservation\\\/#primaryimage\",\"url\":\"https:\\\/\\\/www.foretadrenaline.com\\\/carnac\\\/wp-content\\\/uploads\\\/sites\\\/2\\\/2024\\\/07\\\/mode-paiement.png\",\"contentUrl\":\"https:\\\/\\\/www.foretadrenaline.com\\\/carnac\\\/wp-content\\\/uploads\\\/sites\\\/2\\\/2024\\\/07\\\/mode-paiement.png\"},{\"@type\":\"BreadcrumbList\",\"@id\":\"https:\\\/\\\/www.foretadrenaline.com\\\/vannes\\\/reservation\\\/#breadcrumb\",\"itemListElement\":[{\"@type\":\"ListItem\",\"position\":1,\"name\":\"Accueil\",\"item\":\"https:\\\/\\\/www.foretadrenaline.com\\\/vannes\\\/\"},{\"@type\":\"ListItem\",\"position\":2,\"name\":\"R\u00e9servation\"}]},{\"@type\":\"WebSite\",\"@id\":\"https:\\\/\\\/www.foretadrenaline.com\\\/vannes\\\/#website\",\"url\":\"https:\\\/\\\/www.foretadrenaline.com\\\/vannes\\\/\",\"name\":\"For\u00eat Adr\u00e9naline - Vannes\",\"description\":\"\",\"potentialAction\":[{\"@type\":\"SearchAction\",\"target\":{\"@type\":\"EntryPoint\",\"urlTemplate\":\"https:\\\/\\\/www.foretadrenaline.com\\\/vannes\\\/?s={search_term_string}\"},\"query-input\":{\"@type\":\"PropertyValueSpecification\",\"valueRequired\":true,\"valueName\":\"search_term_string\"}}],\"inLanguage\":\"fr-FR\"}]}<\/script>\n<!-- \/ Yoast SEO plugin. -->","yoast_head_json":{"title":"R\u00e9servation - Tramp\u00d4forest Park Vannes","description":"R\u00e9servez en ligne sans r\u00e8glement. Le paiement se fait sur place, le jour de votre visite, et non en ligne !","robots":{"index":"index","follow":"follow","max-snippet":"max-snippet:-1","max-image-preview":"max-image-preview:large","max-video-preview":"max-video-preview:-1"},"canonical":"https:\/\/www.foretadrenaline.com\/vannes\/reservation\/","og_locale":"fr_FR","og_type":"article","og_title":"R\u00e9servation - Tramp\u00d4forest Park Vannes","og_description":"R\u00e9servez en ligne sans r\u00e8glement. Le paiement se fait sur place, le jour de votre visite, et non en ligne !","og_url":"https:\/\/www.foretadrenaline.com\/vannes\/reservation\/","og_site_name":"For\u00eat Adr\u00e9naline - Vannes","article_modified_time":"2026-05-06T08:44:53+00:00","twitter_card":"summary_large_image","twitter_misc":{"Dur\u00e9e de lecture estim\u00e9e":"1 minute"},"schema":{"@context":"https:\/\/schema.org","@graph":[{"@type":"WebPage","@id":"https:\/\/www.foretadrenaline.com\/vannes\/reservation\/","url":"https:\/\/www.foretadrenaline.com\/vannes\/reservation\/","name":"R\u00e9servation - Tramp\u00d4forest Park Vannes","isPartOf":{"@id":"https:\/\/www.foretadrenaline.com\/vannes\/#website"},"primaryImageOfPage":{"@id":"https:\/\/www.foretadrenaline.com\/vannes\/reservation\/#primaryimage"},"image":{"@id":"https:\/\/www.foretadrenaline.com\/vannes\/reservation\/#primaryimage"},"thumbnailUrl":"https:\/\/www.foretadrenaline.com\/carnac\/wp-content\/uploads\/sites\/2\/2024\/07\/mode-paiement.png","datePublished":"2026-04-10T13:45:54+00:00","dateModified":"2026-05-06T08:44:53+00:00","description":"R\u00e9servez en ligne sans r\u00e8glement. Le paiement se fait sur place, le jour de votre visite, et non en ligne !","breadcrumb":{"@id":"https:\/\/www.foretadrenaline.com\/vannes\/reservation\/#breadcrumb"},"inLanguage":"fr-FR","potentialAction":[{"@type":"ReadAction","target":["https:\/\/www.foretadrenaline.com\/vannes\/reservation\/"]}]},{"@type":"ImageObject","inLanguage":"fr-FR","@id":"https:\/\/www.foretadrenaline.com\/vannes\/reservation\/#primaryimage","url":"https:\/\/www.foretadrenaline.com\/carnac\/wp-content\/uploads\/sites\/2\/2024\/07\/mode-paiement.png","contentUrl":"https:\/\/www.foretadrenaline.com\/carnac\/wp-content\/uploads\/sites\/2\/2024\/07\/mode-paiement.png"},{"@type":"BreadcrumbList","@id":"https:\/\/www.foretadrenaline.com\/vannes\/reservation\/#breadcrumb","itemListElement":[{"@type":"ListItem","position":1,"name":"Accueil","item":"https:\/\/www.foretadrenaline.com\/vannes\/"},{"@type":"ListItem","position":2,"name":"R\u00e9servation"}]},{"@type":"WebSite","@id":"https:\/\/www.foretadrenaline.com\/vannes\/#website","url":"https:\/\/www.foretadrenaline.com\/vannes\/","name":"For\u00eat Adr\u00e9naline - Vannes","description":"","potentialAction":[{"@type":"SearchAction","target":{"@type":"EntryPoint","urlTemplate":"https:\/\/www.foretadrenaline.com\/vannes\/?s={search_term_string}"},"query-input":{"@type":"PropertyValueSpecification","valueRequired":true,"valueName":"search_term_string"}}],"inLanguage":"fr-FR"}]}},"_links":{"self":[{"href":"https:\/\/www.foretadrenaline.com\/vannes\/wp-json\/wp\/v2\/pages\/187","targetHints":{"allow":["GET"]}}],"collection":[{"href":"https:\/\/www.foretadrenaline.com\/vannes\/wp-json\/wp\/v2\/pages"}],"about":[{"href":"https:\/\/www.foretadrenaline.com\/vannes\/wp-json\/wp\/v2\/types\/page"}],"author":[{"embeddable":true,"href":"https:\/\/www.foretadrenaline.com\/vannes\/wp-json\/wp\/v2\/users\/2"}],"replies":[{"embeddable":true,"href":"https:\/\/www.foretadrenaline.com\/vannes\/wp-json\/wp\/v2\/comments?post=187"}],"version-history":[{"count":5,"href":"https:\/\/www.foretadrenaline.com\/vannes\/wp-json\/wp\/v2\/pages\/187\/revisions"}],"predecessor-version":[{"id":666,"href":"https:\/\/www.foretadrenaline.com\/vannes\/wp-json\/wp\/v2\/pages\/187\/revisions\/666"}],"wp:attachment":[{"href":"https:\/\/www.foretadrenaline.com\/vannes\/wp-json\/wp\/v2\/media?parent=187"}],"curies":[{"name":"wp","href":"https:\/\/api.w.org\/{rel}","templated":true}]}}