{"id":214,"date":"2026-04-10T16:49:10","date_gmt":"2026-04-10T14:49:10","guid":{"rendered":"https:\/\/www.foretadrenaline.com\/vannes\/?page_id=214"},"modified":"2026-04-28T14:50:33","modified_gmt":"2026-04-28T12:50:33","slug":"ou-nous-trouver-trampoforestpark-vannes","status":"publish","type":"page","link":"https:\/\/www.foretadrenaline.com\/vannes\/ou-nous-trouver-trampoforestpark-vannes\/","title":{"rendered":"O\u00f9 nous trouver"},"content":{"rendered":"<div class=\"wp-block-image\">\n<figure class=\"alignright size-full\"><img loading=\"lazy\" decoding=\"async\" width=\"435\" height=\"271\" src=\"https:\/\/www.foretadrenaline.com\/vannes\/wp-content\/uploads\/sites\/6\/2026\/04\/image.png\" alt=\"\" class=\"wp-image-358\" srcset=\"https:\/\/www.foretadrenaline.com\/vannes\/wp-content\/uploads\/sites\/6\/2026\/04\/image.png 435w, https:\/\/www.foretadrenaline.com\/vannes\/wp-content\/uploads\/sites\/6\/2026\/04\/image-300x187.png 300w\" sizes=\"auto, (max-width: 435px) 100vw, 435px\" \/><\/figure>\n<\/div>\n\n\n<h3 class=\"wp-block-heading has-green-color has-text-color has-link-color wp-elements-4f9d2bac19630cf6c64368893d03e812\">Adresse :<\/h3>\n\n\n\n<p>Giratoire de Kergrain\u00a0<br>56000 vannes<\/p>\n\n\n\n<h3 class=\"wp-block-heading has-green-color has-text-color has-link-color wp-elements-5f7320809a782b0ece43f9835a05710d\">Parking :<\/h3>\n\n\n\n<p>Garez vous sur le parking du Decathlon<\/p>\n\n\n\n<h3 class=\"wp-block-heading has-green-color has-text-color has-link-color wp-elements-edf17ebfe795cceb6e895cb7970c9a07\">Transports en commun<\/h3>\n\n\n\n<p> Bus 5 ou 11 arr\u00eat De Cadoudal &#8211; Puis 5mn \u00e0 pied<\/p>\n\n\n\n<h3 class=\"wp-block-heading has-green-color has-text-color has-link-color wp-elements-fd73c03ab3660ac19ddc08e001ca287e\">Bus et car : <\/h3>\n\n\n\n<p>Les car peuvent s&rsquo;arr\u00eater temporairement devant l&rsquo;entr\u00e9e du parc mais ne peuvent pas stationner<\/p>\n\n\n\n<p><\/p>\n","protected":false},"excerpt":{"rendered":"<p>Adresse : Giratoire de Kergrain\u00a056000 vannes Parking : Garez vous sur le parking du Decathlon Transports en commun Bus 5 ou 11 arr\u00eat De Cadoudal &#8211; Puis 5mn \u00e0 pied Bus et car : Les car peuvent s&rsquo;arr\u00eater temporairement devant l&rsquo;entr\u00e9e du parc mais ne peuvent pas stationner<\/p>\n","protected":false},"author":2,"featured_media":0,"parent":0,"menu_order":0,"comment_status":"closed","ping_status":"closed","template":"","meta":{"_acf_changed":false,"footnotes":""},"class_list":["post-214","page","type-page","status-publish","hentry"],"acf":[],"yoast_head":"<!-- This site is optimized with the Yoast SEO plugin v27.5 - https:\/\/yoast.com\/product\/yoast-seo-wordpress\/ -->\n<title>O\u00f9 nous trouver - Tramp\u00d4forestPark Vannes<\/title>\n<meta name=\"description\" content=\"O\u00f9 nous trouver - Tramp\u00d4forestPark Vannes : Comment venir, V\u00e9lo, bus, voiture, le parc se trouve \u00e0 quelques minutes du centre ville!\" \/>\n<meta name=\"robots\" content=\"index, follow, max-snippet:-1, max-image-preview:large, max-video-preview:-1\" \/>\n<link rel=\"canonical\" href=\"https:\/\/www.foretadrenaline.com\/vannes\/ou-nous-trouver-trampoforestpark-vannes\/\" \/>\n<meta property=\"og:locale\" content=\"fr_FR\" \/>\n<meta property=\"og:type\" content=\"article\" \/>\n<meta property=\"og:title\" content=\"O\u00f9 nous trouver - Tramp\u00d4forestPark Vannes\" \/>\n<meta property=\"og:description\" content=\"O\u00f9 nous trouver - Tramp\u00d4forestPark Vannes : Comment venir, V\u00e9lo, bus, voiture, le parc se trouve \u00e0 quelques minutes du centre ville!\" \/>\n<meta property=\"og:url\" content=\"https:\/\/www.foretadrenaline.com\/vannes\/ou-nous-trouver-trampoforestpark-vannes\/\" \/>\n<meta property=\"og:site_name\" content=\"For\u00eat Adr\u00e9naline - Vannes\" \/>\n<meta property=\"article:modified_time\" content=\"2026-04-28T12:50:33+00:00\" \/>\n<meta property=\"og:image\" content=\"https:\/\/www.foretadrenaline.com\/vannes\/wp-content\/uploads\/sites\/6\/2026\/04\/image.png\" \/>\n\t<meta property=\"og:image:width\" content=\"435\" \/>\n\t<meta property=\"og:image:height\" content=\"271\" \/>\n\t<meta property=\"og:image:type\" content=\"image\/png\" \/>\n<meta name=\"twitter:card\" content=\"summary_large_image\" \/>\n<meta name=\"twitter:label1\" content=\"Dur\u00e9e de lecture estim\u00e9e\" \/>\n\t<meta name=\"twitter:data1\" content=\"1 minute\" \/>\n<script type=\"application\/ld+json\" class=\"yoast-schema-graph\">{\"@context\":\"https:\\\/\\\/schema.org\",\"@graph\":[{\"@type\":\"WebPage\",\"@id\":\"https:\\\/\\\/www.foretadrenaline.com\\\/vannes\\\/ou-nous-trouver-trampoforestpark-vannes\\\/\",\"url\":\"https:\\\/\\\/www.foretadrenaline.com\\\/vannes\\\/ou-nous-trouver-trampoforestpark-vannes\\\/\",\"name\":\"O\u00f9 nous trouver - Tramp\u00d4forestPark Vannes\",\"isPartOf\":{\"@id\":\"https:\\\/\\\/www.foretadrenaline.com\\\/vannes\\\/#website\"},\"primaryImageOfPage\":{\"@id\":\"https:\\\/\\\/www.foretadrenaline.com\\\/vannes\\\/ou-nous-trouver-trampoforestpark-vannes\\\/#primaryimage\"},\"image\":{\"@id\":\"https:\\\/\\\/www.foretadrenaline.com\\\/vannes\\\/ou-nous-trouver-trampoforestpark-vannes\\\/#primaryimage\"},\"thumbnailUrl\":\"https:\\\/\\\/www.foretadrenaline.com\\\/vannes\\\/wp-content\\\/uploads\\\/sites\\\/6\\\/2026\\\/04\\\/image.png\",\"datePublished\":\"2026-04-10T14:49:10+00:00\",\"dateModified\":\"2026-04-28T12:50:33+00:00\",\"description\":\"O\u00f9 nous trouver - Tramp\u00d4forestPark Vannes : Comment venir, V\u00e9lo, bus, voiture, le parc se trouve \u00e0 quelques minutes du centre ville!\",\"breadcrumb\":{\"@id\":\"https:\\\/\\\/www.foretadrenaline.com\\\/vannes\\\/ou-nous-trouver-trampoforestpark-vannes\\\/#breadcrumb\"},\"inLanguage\":\"fr-FR\",\"potentialAction\":[{\"@type\":\"ReadAction\",\"target\":[\"https:\\\/\\\/www.foretadrenaline.com\\\/vannes\\\/ou-nous-trouver-trampoforestpark-vannes\\\/\"]}]},{\"@type\":\"ImageObject\",\"inLanguage\":\"fr-FR\",\"@id\":\"https:\\\/\\\/www.foretadrenaline.com\\\/vannes\\\/ou-nous-trouver-trampoforestpark-vannes\\\/#primaryimage\",\"url\":\"https:\\\/\\\/www.foretadrenaline.com\\\/vannes\\\/wp-content\\\/uploads\\\/sites\\\/6\\\/2026\\\/04\\\/image.png\",\"contentUrl\":\"https:\\\/\\\/www.foretadrenaline.com\\\/vannes\\\/wp-content\\\/uploads\\\/sites\\\/6\\\/2026\\\/04\\\/image.png\",\"width\":435,\"height\":271},{\"@type\":\"BreadcrumbList\",\"@id\":\"https:\\\/\\\/www.foretadrenaline.com\\\/vannes\\\/ou-nous-trouver-trampoforestpark-vannes\\\/#breadcrumb\",\"itemListElement\":[{\"@type\":\"ListItem\",\"position\":1,\"name\":\"Accueil\",\"item\":\"https:\\\/\\\/www.foretadrenaline.com\\\/vannes\\\/\"},{\"@type\":\"ListItem\",\"position\":2,\"name\":\"O\u00f9 nous trouver\"}]},{\"@type\":\"WebSite\",\"@id\":\"https:\\\/\\\/www.foretadrenaline.com\\\/vannes\\\/#website\",\"url\":\"https:\\\/\\\/www.foretadrenaline.com\\\/vannes\\\/\",\"name\":\"For\u00eat Adr\u00e9naline - Vannes\",\"description\":\"\",\"potentialAction\":[{\"@type\":\"SearchAction\",\"target\":{\"@type\":\"EntryPoint\",\"urlTemplate\":\"https:\\\/\\\/www.foretadrenaline.com\\\/vannes\\\/?s={search_term_string}\"},\"query-input\":{\"@type\":\"PropertyValueSpecification\",\"valueRequired\":true,\"valueName\":\"search_term_string\"}}],\"inLanguage\":\"fr-FR\"}]}<\/script>\n<!-- \/ Yoast SEO plugin. -->","yoast_head_json":{"title":"O\u00f9 nous trouver - Tramp\u00d4forestPark Vannes","description":"O\u00f9 nous trouver - Tramp\u00d4forestPark Vannes : Comment venir, V\u00e9lo, bus, voiture, le parc se trouve \u00e0 quelques minutes du centre ville!","robots":{"index":"index","follow":"follow","max-snippet":"max-snippet:-1","max-image-preview":"max-image-preview:large","max-video-preview":"max-video-preview:-1"},"canonical":"https:\/\/www.foretadrenaline.com\/vannes\/ou-nous-trouver-trampoforestpark-vannes\/","og_locale":"fr_FR","og_type":"article","og_title":"O\u00f9 nous trouver - Tramp\u00d4forestPark Vannes","og_description":"O\u00f9 nous trouver - Tramp\u00d4forestPark Vannes : Comment venir, V\u00e9lo, bus, voiture, le parc se trouve \u00e0 quelques minutes du centre ville!","og_url":"https:\/\/www.foretadrenaline.com\/vannes\/ou-nous-trouver-trampoforestpark-vannes\/","og_site_name":"For\u00eat Adr\u00e9naline - Vannes","article_modified_time":"2026-04-28T12:50:33+00:00","og_image":[{"width":435,"height":271,"url":"https:\/\/www.foretadrenaline.com\/vannes\/wp-content\/uploads\/sites\/6\/2026\/04\/image.png","type":"image\/png"}],"twitter_card":"summary_large_image","twitter_misc":{"Dur\u00e9e de lecture estim\u00e9e":"1 minute"},"schema":{"@context":"https:\/\/schema.org","@graph":[{"@type":"WebPage","@id":"https:\/\/www.foretadrenaline.com\/vannes\/ou-nous-trouver-trampoforestpark-vannes\/","url":"https:\/\/www.foretadrenaline.com\/vannes\/ou-nous-trouver-trampoforestpark-vannes\/","name":"O\u00f9 nous trouver - Tramp\u00d4forestPark Vannes","isPartOf":{"@id":"https:\/\/www.foretadrenaline.com\/vannes\/#website"},"primaryImageOfPage":{"@id":"https:\/\/www.foretadrenaline.com\/vannes\/ou-nous-trouver-trampoforestpark-vannes\/#primaryimage"},"image":{"@id":"https:\/\/www.foretadrenaline.com\/vannes\/ou-nous-trouver-trampoforestpark-vannes\/#primaryimage"},"thumbnailUrl":"https:\/\/www.foretadrenaline.com\/vannes\/wp-content\/uploads\/sites\/6\/2026\/04\/image.png","datePublished":"2026-04-10T14:49:10+00:00","dateModified":"2026-04-28T12:50:33+00:00","description":"O\u00f9 nous trouver - Tramp\u00d4forestPark Vannes : Comment venir, V\u00e9lo, bus, voiture, le parc se trouve \u00e0 quelques minutes du centre ville!","breadcrumb":{"@id":"https:\/\/www.foretadrenaline.com\/vannes\/ou-nous-trouver-trampoforestpark-vannes\/#breadcrumb"},"inLanguage":"fr-FR","potentialAction":[{"@type":"ReadAction","target":["https:\/\/www.foretadrenaline.com\/vannes\/ou-nous-trouver-trampoforestpark-vannes\/"]}]},{"@type":"ImageObject","inLanguage":"fr-FR","@id":"https:\/\/www.foretadrenaline.com\/vannes\/ou-nous-trouver-trampoforestpark-vannes\/#primaryimage","url":"https:\/\/www.foretadrenaline.com\/vannes\/wp-content\/uploads\/sites\/6\/2026\/04\/image.png","contentUrl":"https:\/\/www.foretadrenaline.com\/vannes\/wp-content\/uploads\/sites\/6\/2026\/04\/image.png","width":435,"height":271},{"@type":"BreadcrumbList","@id":"https:\/\/www.foretadrenaline.com\/vannes\/ou-nous-trouver-trampoforestpark-vannes\/#breadcrumb","itemListElement":[{"@type":"ListItem","position":1,"name":"Accueil","item":"https:\/\/www.foretadrenaline.com\/vannes\/"},{"@type":"ListItem","position":2,"name":"O\u00f9 nous trouver"}]},{"@type":"WebSite","@id":"https:\/\/www.foretadrenaline.com\/vannes\/#website","url":"https:\/\/www.foretadrenaline.com\/vannes\/","name":"For\u00eat Adr\u00e9naline - Vannes","description":"","potentialAction":[{"@type":"SearchAction","target":{"@type":"EntryPoint","urlTemplate":"https:\/\/www.foretadrenaline.com\/vannes\/?s={search_term_string}"},"query-input":{"@type":"PropertyValueSpecification","valueRequired":true,"valueName":"search_term_string"}}],"inLanguage":"fr-FR"}]}},"_links":{"self":[{"href":"https:\/\/www.foretadrenaline.com\/vannes\/wp-json\/wp\/v2\/pages\/214","targetHints":{"allow":["GET"]}}],"collection":[{"href":"https:\/\/www.foretadrenaline.com\/vannes\/wp-json\/wp\/v2\/pages"}],"about":[{"href":"https:\/\/www.foretadrenaline.com\/vannes\/wp-json\/wp\/v2\/types\/page"}],"author":[{"embeddable":true,"href":"https:\/\/www.foretadrenaline.com\/vannes\/wp-json\/wp\/v2\/users\/2"}],"replies":[{"embeddable":true,"href":"https:\/\/www.foretadrenaline.com\/vannes\/wp-json\/wp\/v2\/comments?post=214"}],"version-history":[{"count":2,"href":"https:\/\/www.foretadrenaline.com\/vannes\/wp-json\/wp\/v2\/pages\/214\/revisions"}],"predecessor-version":[{"id":360,"href":"https:\/\/www.foretadrenaline.com\/vannes\/wp-json\/wp\/v2\/pages\/214\/revisions\/360"}],"wp:attachment":[{"href":"https:\/\/www.foretadrenaline.com\/vannes\/wp-json\/wp\/v2\/media?parent=214"}],"curies":[{"name":"wp","href":"https:\/\/api.w.org\/{rel}","templated":true}]}}