{"id":325,"date":"2026-04-17T14:34:38","date_gmt":"2026-04-17T12:34:38","guid":{"rendered":"https:\/\/www.foretadrenaline.com\/vannes\/?page_id=325"},"modified":"2026-05-05T14:15:23","modified_gmt":"2026-05-05T12:15:23","slug":"lyceens-et-etudiants-escapade","status":"publish","type":"page","link":"https:\/\/www.foretadrenaline.com\/vannes\/lyceens-etudiants\/lyceens-et-etudiants-escapade\/","title":{"rendered":"Lyc\u00e9ens et \u00e9tudiants : Escapade"},"content":{"rendered":"\n<h2 class=\"wp-block-heading has-text-align-left\">Formule lyc\u00e9ens et \u00e9tudiants : Formule escapade<\/h2>\n\n\n\n<ul class=\"wp-block-list\">\n<li>1h30 de Tramp\u00d4forest <br><\/li>\n\n\n\n<li>30mn de Jeu \u00e9coresponsable<\/li>\n<\/ul>\n\n\n\n<div class=\"wp-block-columns is-layout-flex wp-container-core-columns-is-layout-9d6595d7 wp-block-columns-is-layout-flex\">\n<div class=\"wp-block-column is-layout-flow wp-block-column-is-layout-flow\">\n<div class=\"wp-block-group card-formule\"><div class=\"wp-block-group__inner-container is-layout-constrained wp-block-group-is-layout-constrained\">\n<div class=\"wp-block-group card-formule-media is-vertical is-layout-flex wp-container-core-group-is-layout-8cf370e7 wp-block-group-is-layout-flex\">\n<p class=\"card-formule-media-badge card-formule-media-badge-2 has-main-color has-yellow-light-background-color has-text-color has-background has-link-color wp-elements-397f5d482cdf118f59c64ee8528aeccc\">1h30 de Tramp\u00d4forest <\/p>\n\n\n\n<figure class=\"wp-block-image size-large\"><img loading=\"lazy\" decoding=\"async\" width=\"768\" height=\"1024\" src=\"https:\/\/www.foretadrenaline.com\/vannes\/wp-content\/uploads\/sites\/6\/2026\/04\/P1122472-768x1024.jpg\" alt=\"\" class=\"wp-image-241\" style=\"aspect-ratio:16\/9;object-fit:cover\" srcset=\"https:\/\/www.foretadrenaline.com\/vannes\/wp-content\/uploads\/sites\/6\/2026\/04\/P1122472-768x1024.jpg 768w, https:\/\/www.foretadrenaline.com\/vannes\/wp-content\/uploads\/sites\/6\/2026\/04\/P1122472-225x300.jpg 225w, https:\/\/www.foretadrenaline.com\/vannes\/wp-content\/uploads\/sites\/6\/2026\/04\/P1122472-1152x1536.jpg 1152w, https:\/\/www.foretadrenaline.com\/vannes\/wp-content\/uploads\/sites\/6\/2026\/04\/P1122472-scaled.jpg 1536w, https:\/\/www.foretadrenaline.com\/vannes\/wp-content\/uploads\/sites\/6\/2026\/04\/P1122472-1200x1600.jpg 1200w\" sizes=\"auto, (max-width: 768px) 100vw, 768px\" \/><\/figure>\n<\/div>\n\n\n\n<div class=\"wp-block-group card-formule-content is-vertical is-layout-flex wp-container-core-group-is-layout-8cf370e7 wp-block-group-is-layout-flex\">\n<h3 class=\"wp-block-heading\">Tramp\u00d4forest <\/h3>\n\n\n\n<div class=\"wp-block-group card-formule-content-info is-content-justification-space-between is-nowrap is-layout-flex wp-container-core-group-is-layout-0dfbf163 wp-block-group-is-layout-flex\">\n<p>Une aventure bondissante<\/p>\n<\/div>\n\n\n\n<div class=\"wp-block-group card-formule-content-links is-content-justification-space-between is-nowrap is-layout-flex wp-container-core-group-is-layout-0dfbf163 wp-block-group-is-layout-flex\">\n<p class=\"card-formule-content-link-1\"><a href=\"https:\/\/www.foretadrenaline.com\/vannes\/trampoforest-park-vannes-bondissez-dans-la-legende\/\" id=\"https:\/\/www.foretadrenaline.com\/vannes\/trampoforest-park-vannes-bondissez-dans-la-legende\/\">D\u00e9couvrir l&rsquo;activit\u00e9 \u2192<\/a><br><br><\/p>\n<\/div>\n\n\n\n<div class=\"wp-block-group card-formule-content-links is-content-justification-space-between is-nowrap is-layout-flex wp-container-core-group-is-layout-0dfbf163 wp-block-group-is-layout-flex\">\n<div class=\"wp-block-buttons is-content-justification-center is-layout-flex wp-container-core-buttons-is-layout-16018d1d wp-block-buttons-is-layout-flex\">\n<div class=\"wp-block-button has-custom-width wp-block-button__width-100\"><a class=\"wp-block-button__link has-main-color has-green-background-color has-text-color has-background has-link-color wp-element-button\" href=\"https:\/\/www.foretadrenaline.com\/vannes\/wp-content\/uploads\/sites\/6\/2026\/04\/3-PLAQUETTE-COLLEGE-LYCEE_compressed.pdf\">Plaquette d&rsquo;information<\/a><\/div>\n<\/div>\n<\/div>\n<\/div>\n<\/div><\/div>\n<\/div>\n\n\n\n<div class=\"wp-block-column is-layout-flow wp-block-column-is-layout-flow\">\n<div class=\"wp-block-group card-formule\"><div class=\"wp-block-group__inner-container is-layout-constrained wp-block-group-is-layout-constrained\">\n<div class=\"wp-block-group card-formule-media is-vertical is-layout-flex wp-container-core-group-is-layout-8cf370e7 wp-block-group-is-layout-flex\">\n<p class=\"card-formule-media-badge card-formule-media-badge-2 has-main-color has-yellow-light-background-color has-text-color has-background has-link-color wp-elements-eafa78f605fa9acbd482d5440fe53deb\">30mn <\/p>\n\n\n\n<figure class=\"wp-block-image size-full\"><img loading=\"lazy\" decoding=\"async\" width=\"800\" height=\"532\" src=\"https:\/\/www.foretadrenaline.com\/vannes\/wp-content\/uploads\/sites\/6\/2026\/01\/vannes-1.jpg\" alt=\"\" class=\"wp-image-25\" style=\"aspect-ratio:16\/9;object-fit:cover\" srcset=\"https:\/\/www.foretadrenaline.com\/vannes\/wp-content\/uploads\/sites\/6\/2026\/01\/vannes-1.jpg 800w, https:\/\/www.foretadrenaline.com\/vannes\/wp-content\/uploads\/sites\/6\/2026\/01\/vannes-1-300x200.jpg 300w, https:\/\/www.foretadrenaline.com\/vannes\/wp-content\/uploads\/sites\/6\/2026\/01\/vannes-1-768x511.jpg 768w\" sizes=\"auto, (max-width: 800px) 100vw, 800px\" \/><\/figure>\n<\/div>\n\n\n\n<div class=\"wp-block-group card-formule-content is-vertical is-layout-flex wp-container-core-group-is-layout-8cf370e7 wp-block-group-is-layout-flex\">\n<h3 class=\"wp-block-heading\">Le jeu \u00e9coresponsabke<\/h3>\n\n\n\n<div class=\"wp-block-group card-formule-content-info is-content-justification-space-between is-nowrap is-layout-flex wp-container-core-group-is-layout-0dfbf163 wp-block-group-is-layout-flex\">\n<p>Sur diff\u00e9rents th\u00e8mes impactants<\/p>\n<\/div>\n\n\n\n<div class=\"wp-block-group card-formule-content-links is-content-justification-space-between is-nowrap is-layout-flex wp-container-core-group-is-layout-0dfbf163 wp-block-group-is-layout-flex\">\n<p class=\"card-formule-content-link-1 has-white-color has-text-color has-link-color wp-elements-5280aed173fa075ed12b0570b8ea26d7\">D\u00e9couvrir l&rsquo;activit\u00e9 \u2192<br><br><\/p>\n<\/div>\n\n\n\n<p><\/p>\n\n\n\n<div class=\"wp-block-group card-formule-content-links is-content-justification-space-between is-nowrap is-layout-flex wp-container-core-group-is-layout-0dfbf163 wp-block-group-is-layout-flex\">\n<div class=\"wp-block-buttons is-content-justification-center is-layout-flex wp-container-core-buttons-is-layout-16018d1d wp-block-buttons-is-layout-flex\">\n<div class=\"wp-block-button has-custom-width wp-block-button__width-100\"><a class=\"wp-block-button__link has-main-color has-green-background-color has-text-color has-background has-link-color wp-element-button\" href=\"https:\/\/www.foretadrenaline.com\/vannes\/wp-content\/uploads\/sites\/6\/2026\/04\/3-PLAQUETTE-COLLEGE-LYCEE_compressed.pdf\">Plaquette d&rsquo;information<\/a><\/div>\n<\/div>\n<\/div>\n<\/div>\n\n\n\n<p class=\"card-formule-content-link-1\"><\/p>\n<\/div><\/div>\n<\/div>\n<\/div>\n\n\n\n<p><\/p>\n","protected":false},"excerpt":{"rendered":"<p>Formule lyc\u00e9ens et \u00e9tudiants : Formule escapade 1h30 de Tramp\u00d4forest Tramp\u00d4forest Une aventure bondissante D\u00e9couvrir l&rsquo;activit\u00e9 \u2192 30mn Le jeu \u00e9coresponsabke Sur diff\u00e9rents th\u00e8mes impactants D\u00e9couvrir l&rsquo;activit\u00e9 \u2192<\/p>\n","protected":false},"author":2,"featured_media":0,"parent":194,"menu_order":0,"comment_status":"closed","ping_status":"closed","template":"","meta":{"_acf_changed":false,"footnotes":""},"class_list":["post-325","page","type-page","status-publish","hentry"],"acf":[],"yoast_head":"<!-- This site is optimized with the Yoast SEO plugin v27.5 - https:\/\/yoast.com\/product\/yoast-seo-wordpress\/ -->\n<title>Lyc\u00e9ens et \u00e9tudiants : Escapade<\/title>\n<meta name=\"description\" content=\"Lyc\u00e9ens et \u00e9tudiants : Escapade de 2h en pleine nature. Fun et adr\u00e9naline garanti!\" \/>\n<meta name=\"robots\" content=\"index, follow, max-snippet:-1, max-image-preview:large, max-video-preview:-1\" \/>\n<link rel=\"canonical\" href=\"https:\/\/www.foretadrenaline.com\/vannes\/lyceens-etudiants\/lyceens-et-etudiants-escapade\/\" \/>\n<meta property=\"og:locale\" content=\"fr_FR\" \/>\n<meta property=\"og:type\" content=\"article\" \/>\n<meta property=\"og:title\" content=\"Lyc\u00e9ens et \u00e9tudiants : Escapade\" \/>\n<meta property=\"og:description\" content=\"Lyc\u00e9ens et \u00e9tudiants : Escapade de 2h en pleine nature. Fun et adr\u00e9naline garanti!\" \/>\n<meta property=\"og:url\" content=\"https:\/\/www.foretadrenaline.com\/vannes\/lyceens-etudiants\/lyceens-et-etudiants-escapade\/\" \/>\n<meta property=\"og:site_name\" content=\"For\u00eat Adr\u00e9naline - Vannes\" \/>\n<meta property=\"article:modified_time\" content=\"2026-05-05T12:15:23+00:00\" \/>\n<meta property=\"og:image\" content=\"https:\/\/www.foretadrenaline.com\/vannes\/wp-content\/uploads\/sites\/6\/2026\/04\/P1122472-scaled.jpg\" \/>\n\t<meta property=\"og:image:width\" content=\"1536\" \/>\n\t<meta property=\"og:image:height\" content=\"2048\" \/>\n\t<meta property=\"og:image:type\" content=\"image\/jpeg\" \/>\n<meta name=\"twitter:card\" content=\"summary_large_image\" \/>\n<meta name=\"twitter:label1\" content=\"Dur\u00e9e de lecture estim\u00e9e\" \/>\n\t<meta name=\"twitter:data1\" content=\"1 minute\" \/>\n<script type=\"application\/ld+json\" class=\"yoast-schema-graph\">{\"@context\":\"https:\\\/\\\/schema.org\",\"@graph\":[{\"@type\":\"WebPage\",\"@id\":\"https:\\\/\\\/www.foretadrenaline.com\\\/vannes\\\/lyceens-etudiants\\\/lyceens-et-etudiants-escapade\\\/\",\"url\":\"https:\\\/\\\/www.foretadrenaline.com\\\/vannes\\\/lyceens-etudiants\\\/lyceens-et-etudiants-escapade\\\/\",\"name\":\"Lyc\u00e9ens et \u00e9tudiants : Escapade\",\"isPartOf\":{\"@id\":\"https:\\\/\\\/www.foretadrenaline.com\\\/vannes\\\/#website\"},\"primaryImageOfPage\":{\"@id\":\"https:\\\/\\\/www.foretadrenaline.com\\\/vannes\\\/lyceens-etudiants\\\/lyceens-et-etudiants-escapade\\\/#primaryimage\"},\"image\":{\"@id\":\"https:\\\/\\\/www.foretadrenaline.com\\\/vannes\\\/lyceens-etudiants\\\/lyceens-et-etudiants-escapade\\\/#primaryimage\"},\"thumbnailUrl\":\"https:\\\/\\\/www.foretadrenaline.com\\\/vannes\\\/wp-content\\\/uploads\\\/sites\\\/6\\\/2026\\\/04\\\/P1122472-768x1024.jpg\",\"datePublished\":\"2026-04-17T12:34:38+00:00\",\"dateModified\":\"2026-05-05T12:15:23+00:00\",\"description\":\"Lyc\u00e9ens et \u00e9tudiants : Escapade de 2h en pleine nature. Fun et adr\u00e9naline garanti!\",\"breadcrumb\":{\"@id\":\"https:\\\/\\\/www.foretadrenaline.com\\\/vannes\\\/lyceens-etudiants\\\/lyceens-et-etudiants-escapade\\\/#breadcrumb\"},\"inLanguage\":\"fr-FR\",\"potentialAction\":[{\"@type\":\"ReadAction\",\"target\":[\"https:\\\/\\\/www.foretadrenaline.com\\\/vannes\\\/lyceens-etudiants\\\/lyceens-et-etudiants-escapade\\\/\"]}]},{\"@type\":\"ImageObject\",\"inLanguage\":\"fr-FR\",\"@id\":\"https:\\\/\\\/www.foretadrenaline.com\\\/vannes\\\/lyceens-etudiants\\\/lyceens-et-etudiants-escapade\\\/#primaryimage\",\"url\":\"https:\\\/\\\/www.foretadrenaline.com\\\/vannes\\\/wp-content\\\/uploads\\\/sites\\\/6\\\/2026\\\/04\\\/P1122472-scaled.jpg\",\"contentUrl\":\"https:\\\/\\\/www.foretadrenaline.com\\\/vannes\\\/wp-content\\\/uploads\\\/sites\\\/6\\\/2026\\\/04\\\/P1122472-scaled.jpg\",\"width\":1536,\"height\":2048},{\"@type\":\"BreadcrumbList\",\"@id\":\"https:\\\/\\\/www.foretadrenaline.com\\\/vannes\\\/lyceens-etudiants\\\/lyceens-et-etudiants-escapade\\\/#breadcrumb\",\"itemListElement\":[{\"@type\":\"ListItem\",\"position\":1,\"name\":\"Accueil\",\"item\":\"https:\\\/\\\/www.foretadrenaline.com\\\/vannes\\\/\"},{\"@type\":\"ListItem\",\"position\":2,\"name\":\"Lyc\u00e9ens &amp; \u00e9tudiants\",\"item\":\"https:\\\/\\\/www.foretadrenaline.com\\\/vannes\\\/lyceens-etudiants\\\/\"},{\"@type\":\"ListItem\",\"position\":3,\"name\":\"Lyc\u00e9ens et \u00e9tudiants : Escapade\"}]},{\"@type\":\"WebSite\",\"@id\":\"https:\\\/\\\/www.foretadrenaline.com\\\/vannes\\\/#website\",\"url\":\"https:\\\/\\\/www.foretadrenaline.com\\\/vannes\\\/\",\"name\":\"For\u00eat Adr\u00e9naline - Vannes\",\"description\":\"\",\"potentialAction\":[{\"@type\":\"SearchAction\",\"target\":{\"@type\":\"EntryPoint\",\"urlTemplate\":\"https:\\\/\\\/www.foretadrenaline.com\\\/vannes\\\/?s={search_term_string}\"},\"query-input\":{\"@type\":\"PropertyValueSpecification\",\"valueRequired\":true,\"valueName\":\"search_term_string\"}}],\"inLanguage\":\"fr-FR\"}]}<\/script>\n<!-- \/ Yoast SEO plugin. -->","yoast_head_json":{"title":"Lyc\u00e9ens et \u00e9tudiants : Escapade","description":"Lyc\u00e9ens et \u00e9tudiants : Escapade de 2h en pleine nature. Fun et adr\u00e9naline garanti!","robots":{"index":"index","follow":"follow","max-snippet":"max-snippet:-1","max-image-preview":"max-image-preview:large","max-video-preview":"max-video-preview:-1"},"canonical":"https:\/\/www.foretadrenaline.com\/vannes\/lyceens-etudiants\/lyceens-et-etudiants-escapade\/","og_locale":"fr_FR","og_type":"article","og_title":"Lyc\u00e9ens et \u00e9tudiants : Escapade","og_description":"Lyc\u00e9ens et \u00e9tudiants : Escapade de 2h en pleine nature. Fun et adr\u00e9naline garanti!","og_url":"https:\/\/www.foretadrenaline.com\/vannes\/lyceens-etudiants\/lyceens-et-etudiants-escapade\/","og_site_name":"For\u00eat Adr\u00e9naline - Vannes","article_modified_time":"2026-05-05T12:15:23+00:00","og_image":[{"width":1536,"height":2048,"url":"https:\/\/www.foretadrenaline.com\/vannes\/wp-content\/uploads\/sites\/6\/2026\/04\/P1122472-scaled.jpg","type":"image\/jpeg"}],"twitter_card":"summary_large_image","twitter_misc":{"Dur\u00e9e de lecture estim\u00e9e":"1 minute"},"schema":{"@context":"https:\/\/schema.org","@graph":[{"@type":"WebPage","@id":"https:\/\/www.foretadrenaline.com\/vannes\/lyceens-etudiants\/lyceens-et-etudiants-escapade\/","url":"https:\/\/www.foretadrenaline.com\/vannes\/lyceens-etudiants\/lyceens-et-etudiants-escapade\/","name":"Lyc\u00e9ens et \u00e9tudiants : Escapade","isPartOf":{"@id":"https:\/\/www.foretadrenaline.com\/vannes\/#website"},"primaryImageOfPage":{"@id":"https:\/\/www.foretadrenaline.com\/vannes\/lyceens-etudiants\/lyceens-et-etudiants-escapade\/#primaryimage"},"image":{"@id":"https:\/\/www.foretadrenaline.com\/vannes\/lyceens-etudiants\/lyceens-et-etudiants-escapade\/#primaryimage"},"thumbnailUrl":"https:\/\/www.foretadrenaline.com\/vannes\/wp-content\/uploads\/sites\/6\/2026\/04\/P1122472-768x1024.jpg","datePublished":"2026-04-17T12:34:38+00:00","dateModified":"2026-05-05T12:15:23+00:00","description":"Lyc\u00e9ens et \u00e9tudiants : Escapade de 2h en pleine nature. Fun et adr\u00e9naline garanti!","breadcrumb":{"@id":"https:\/\/www.foretadrenaline.com\/vannes\/lyceens-etudiants\/lyceens-et-etudiants-escapade\/#breadcrumb"},"inLanguage":"fr-FR","potentialAction":[{"@type":"ReadAction","target":["https:\/\/www.foretadrenaline.com\/vannes\/lyceens-etudiants\/lyceens-et-etudiants-escapade\/"]}]},{"@type":"ImageObject","inLanguage":"fr-FR","@id":"https:\/\/www.foretadrenaline.com\/vannes\/lyceens-etudiants\/lyceens-et-etudiants-escapade\/#primaryimage","url":"https:\/\/www.foretadrenaline.com\/vannes\/wp-content\/uploads\/sites\/6\/2026\/04\/P1122472-scaled.jpg","contentUrl":"https:\/\/www.foretadrenaline.com\/vannes\/wp-content\/uploads\/sites\/6\/2026\/04\/P1122472-scaled.jpg","width":1536,"height":2048},{"@type":"BreadcrumbList","@id":"https:\/\/www.foretadrenaline.com\/vannes\/lyceens-etudiants\/lyceens-et-etudiants-escapade\/#breadcrumb","itemListElement":[{"@type":"ListItem","position":1,"name":"Accueil","item":"https:\/\/www.foretadrenaline.com\/vannes\/"},{"@type":"ListItem","position":2,"name":"Lyc\u00e9ens &amp; \u00e9tudiants","item":"https:\/\/www.foretadrenaline.com\/vannes\/lyceens-etudiants\/"},{"@type":"ListItem","position":3,"name":"Lyc\u00e9ens et \u00e9tudiants : Escapade"}]},{"@type":"WebSite","@id":"https:\/\/www.foretadrenaline.com\/vannes\/#website","url":"https:\/\/www.foretadrenaline.com\/vannes\/","name":"For\u00eat Adr\u00e9naline - Vannes","description":"","potentialAction":[{"@type":"SearchAction","target":{"@type":"EntryPoint","urlTemplate":"https:\/\/www.foretadrenaline.com\/vannes\/?s={search_term_string}"},"query-input":{"@type":"PropertyValueSpecification","valueRequired":true,"valueName":"search_term_string"}}],"inLanguage":"fr-FR"}]}},"_links":{"self":[{"href":"https:\/\/www.foretadrenaline.com\/vannes\/wp-json\/wp\/v2\/pages\/325","targetHints":{"allow":["GET"]}}],"collection":[{"href":"https:\/\/www.foretadrenaline.com\/vannes\/wp-json\/wp\/v2\/pages"}],"about":[{"href":"https:\/\/www.foretadrenaline.com\/vannes\/wp-json\/wp\/v2\/types\/page"}],"author":[{"embeddable":true,"href":"https:\/\/www.foretadrenaline.com\/vannes\/wp-json\/wp\/v2\/users\/2"}],"replies":[{"embeddable":true,"href":"https:\/\/www.foretadrenaline.com\/vannes\/wp-json\/wp\/v2\/comments?post=325"}],"version-history":[{"count":17,"href":"https:\/\/www.foretadrenaline.com\/vannes\/wp-json\/wp\/v2\/pages\/325\/revisions"}],"predecessor-version":[{"id":616,"href":"https:\/\/www.foretadrenaline.com\/vannes\/wp-json\/wp\/v2\/pages\/325\/revisions\/616"}],"up":[{"embeddable":true,"href":"https:\/\/www.foretadrenaline.com\/vannes\/wp-json\/wp\/v2\/pages\/194"}],"wp:attachment":[{"href":"https:\/\/www.foretadrenaline.com\/vannes\/wp-json\/wp\/v2\/media?parent=325"}],"curies":[{"name":"wp","href":"https:\/\/api.w.org\/{rel}","templated":true}]}}