{"id":374,"date":"2026-04-29T08:14:31","date_gmt":"2026-04-29T06:14:31","guid":{"rendered":"https:\/\/www.foretadrenaline.com\/vannes\/?page_id=374"},"modified":"2026-05-05T14:42:01","modified_gmt":"2026-05-05T12:42:01","slug":"nos-activites-trampoforest-park-vannes","status":"publish","type":"page","link":"https:\/\/www.foretadrenaline.com\/vannes\/nos-activites-trampoforest-park-vannes\/","title":{"rendered":"Nos activit\u00e9s"},"content":{"rendered":"\n<h2 class=\"wp-block-heading\">Tramp\u00d4forest, Chasse aux tr\u00e9sors, Disc Ball, Escape game, Archery, Gel ball<\/h2>\n\n\n\n<p>Situ\u00e9 au c\u0153ur de la for\u00eat et \u00e0 quelques minutes du centre ville de Vannes, Tramp\u00d4forest Park a pour envie de vous montrer le monde d&rsquo;une autre mani\u00e8re! <br>Entreprise \u00e0 mission porteuse d&rsquo;un message ludique et p\u00e9dagogie, nous vous proposons de vivre une exp\u00e9rience originale entre amis, en famille ou en groupe. <br>\u00c0 proximit\u00e9 des sites d&rsquo;int\u00e9r\u00eat touristique du Morbihan, le parc propose une r\u00e9flexion sur le monde de demain<\/p>\n\n\n\n<div class=\"wp-block-columns is-layout-flex wp-container-core-columns-is-layout-9d6595d7 wp-block-columns-is-layout-flex\">\n<div class=\"wp-block-column is-layout-flow wp-block-column-is-layout-flow\">\n<div class=\"wp-block-group card-activite\"><div class=\"wp-block-group__inner-container is-layout-constrained wp-block-group-is-layout-constrained\">\n<div class=\"wp-block-group card-activite-media is-vertical is-layout-flex wp-container-core-group-is-layout-8cf370e7 wp-block-group-is-layout-flex\">\n<p class=\"card-activite-media-badge card-activite-media-badge-1 has-yellow-light-background-color has-background\">Tramp\u00d4forest<\/p>\n\n\n\n<p class=\"card-activite-media-badge card-activite-media-badge-2 has-white-background-color has-background\">d\u00e8s 2 ans<\/p>\n\n\n\n<p class=\"card-activite-media-badge card-activite-media-badge-3 has-white-background-color has-background\">1h30<\/p>\n\n\n\n<figure class=\"wp-block-image size-large\"><img decoding=\"async\" src=\"https:\/\/www.foretadrenaline.com\/carnac\/wp-content\/uploads\/sites\/2\/2025\/01\/Foret-Adrenaline_tyrolienne-impressionnante_@IMADGIN-1024x683.jpg\" alt=\"\" class=\"wp-image-7951\" style=\"aspect-ratio:16\/9;object-fit:cover\" \/><\/figure>\n<\/div>\n\n\n\n<div class=\"wp-block-group card-activite-content is-vertical is-content-justification-center is-layout-flex wp-container-core-group-is-layout-4b2eccd6 wp-block-group-is-layout-flex\">\n<h3 class=\"wp-block-heading has-text-align-center\">Tramp\u00d4forest <\/h3>\n\n\n\n<p class=\"has-text-align-center\">D\u00e8s 2 ans, profitez de diff\u00e9rentes salles de filets Tramp\u00d4forest dans les arbres. Bondissez dans la l\u00e9gende!<br><\/p>\n\n\n\n<div class=\"wp-block-buttons is-content-justification-center is-layout-flex wp-container-core-buttons-is-layout-16018d1d wp-block-buttons-is-layout-flex\">\n<div class=\"wp-block-button\"><a class=\"wp-block-button__link has-main-color has-green-background-color has-text-color has-background has-link-color wp-element-button\" href=\"https:\/\/www.foretadrenaline.com\/vannes\/trampoforest-park-vannes-bondissez-dans-la-legende\/\" target=\"_blank\" rel=\"noreferrer noopener\">D\u00e9couvrir<\/a><\/div>\n<\/div>\n<\/div>\n<\/div><\/div>\n<\/div>\n\n\n\n<div class=\"wp-block-column is-layout-flow wp-block-column-is-layout-flow\">\n<div class=\"wp-block-group card-activite\"><div class=\"wp-block-group__inner-container is-layout-constrained wp-block-group-is-layout-constrained\">\n<div class=\"wp-block-group card-activite-media is-vertical is-layout-flex wp-container-core-group-is-layout-8cf370e7 wp-block-group-is-layout-flex\">\n<p class=\"card-activite-media-badge card-activite-media-badge-1 has-yellow-light-background-color has-background\">Disc Golf<\/p>\n\n\n\n<p class=\"card-activite-media-badge card-activite-media-badge-2 has-white-background-color has-background\">d\u00e8s 8 ans<\/p>\n\n\n\n<p class=\"card-activite-media-badge card-activite-media-badge-3 has-white-background-color has-background\">1h<\/p>\n\n\n\n<figure class=\"wp-block-image size-large\"><img decoding=\"async\" src=\"https:\/\/www.foretadrenaline.com\/carnac\/wp-content\/uploads\/sites\/2\/2024\/06\/WhatsApp-Image-2024-06-12-a-10.35.49_75543ce1-1024x769.jpg\" alt=\"\" class=\"wp-image-7416\" style=\"aspect-ratio:16\/9;object-fit:cover\" \/><\/figure>\n<\/div>\n\n\n\n<div class=\"wp-block-group card-activite-content is-vertical is-content-justification-center is-layout-flex wp-container-core-group-is-layout-4b2eccd6 wp-block-group-is-layout-flex\">\n<h3 class=\"wp-block-heading has-text-align-center\">Disc golf<\/h3>\n\n\n\n<p class=\"has-text-align-center\">Visez juste pour d\u00e9couvrir les secrets de Morgwenn et Elementis&#8230;<br><br><\/p>\n\n\n\n<div class=\"wp-block-buttons is-content-justification-center is-layout-flex wp-container-core-buttons-is-layout-16018d1d wp-block-buttons-is-layout-flex\">\n<div class=\"wp-block-button is-style-fill\"><a class=\"wp-block-button__link has-main-color has-green-background-color has-text-color has-background has-link-color wp-element-button\" href=\"https:\/\/www.foretadrenaline.com\/vannes\/trampoforest-park-disc-golf\/\" target=\"_blank\" rel=\"noreferrer noopener\">D\u00e9couvrir<\/a><\/div>\n<\/div>\n<\/div>\n<\/div><\/div>\n<\/div>\n\n\n\n<div class=\"wp-block-column is-layout-flow wp-block-column-is-layout-flow\">\n<div class=\"wp-block-group card-activite\"><div class=\"wp-block-group__inner-container is-layout-constrained wp-block-group-is-layout-constrained\">\n<div class=\"wp-block-group card-activite-media is-vertical is-layout-flex wp-container-core-group-is-layout-8cf370e7 wp-block-group-is-layout-flex\">\n<p class=\"card-activite-media-badge card-activite-media-badge-1 has-yellow-light-background-color has-background\">Archery<\/p>\n\n\n\n<p class=\"card-activite-media-badge card-activite-media-badge-2 has-white-background-color has-background\">D\u00e8s 6 ans<\/p>\n\n\n\n<p class=\"card-activite-media-badge card-activite-media-badge-3 has-white-background-color has-background\">45mn<\/p>\n\n\n\n<figure class=\"wp-block-image size-full\"><img decoding=\"async\" src=\"https:\/\/www.foretadrenaline.com\/carnac\/wp-content\/uploads\/sites\/2\/2026\/04\/Archery-compressee_2.jpg\" alt=\"\" class=\"wp-image-9813\" style=\"aspect-ratio:16\/9;object-fit:cover\" \/><\/figure>\n<\/div>\n\n\n\n<div class=\"wp-block-group card-activite-content is-vertical is-content-justification-center is-layout-flex wp-container-core-group-is-layout-4b2eccd6 wp-block-group-is-layout-flex\">\n<h3 class=\"wp-block-heading\">Archery <\/h3>\n\n\n\n<p class=\"has-text-align-center\">En \u00e9quipe, d\u00e9jouez les strat\u00e9gies et entrez dans la l\u00e9gende<br><br><br><\/p>\n\n\n\n<div class=\"wp-block-buttons is-content-justification-center is-layout-flex wp-container-core-buttons-is-layout-16018d1d wp-block-buttons-is-layout-flex\">\n<div class=\"wp-block-button\"><a class=\"wp-block-button__link has-main-color has-green-background-color has-text-color has-background has-link-color wp-element-button\" href=\"https:\/\/www.foretadrenaline.com\/vannes\/les-batailles-de-la-foret-archery-gel-ball\/\">D\u00e9couvrir<\/a><\/div>\n<\/div>\n<\/div>\n<\/div><\/div>\n<\/div>\n<\/div>\n\n\n\n<div class=\"wp-block-columns is-layout-flex wp-container-core-columns-is-layout-9d6595d7 wp-block-columns-is-layout-flex\">\n<div class=\"wp-block-column is-layout-flow wp-block-column-is-layout-flow\">\n<div class=\"wp-block-group card-activite\"><div class=\"wp-block-group__inner-container is-layout-constrained wp-block-group-is-layout-constrained\">\n<div class=\"wp-block-group card-activite-media is-vertical is-layout-flex wp-container-core-group-is-layout-8cf370e7 wp-block-group-is-layout-flex\">\n<p class=\"card-activite-media-badge card-activite-media-badge-1 has-yellow-light-background-color has-background\">Gel Ball<\/p>\n\n\n\n<p class=\"card-activite-media-badge card-activite-media-badge-2 has-white-background-color has-background\">D\u00e8s 6 ans<\/p>\n\n\n\n<p class=\"card-activite-media-badge card-activite-media-badge-3 has-white-background-color has-background\">45 min<\/p>\n\n\n\n<figure class=\"wp-block-image size-large\"><img decoding=\"async\" src=\"https:\/\/www.foretadrenaline.com\/carnac\/wp-content\/uploads\/sites\/2\/2026\/03\/WhatsApp-Image-2026-03-23-at-16.03.35-768x1024.jpeg\" alt=\"gel ball\" class=\"wp-image-9532\" style=\"aspect-ratio:16\/9;object-fit:cover\" \/><\/figure>\n<\/div>\n\n\n\n<div class=\"wp-block-group card-activite-content is-vertical is-content-justification-center is-layout-flex wp-container-core-group-is-layout-4b2eccd6 wp-block-group-is-layout-flex\">\n<h3 class=\"wp-block-heading\">Gel Ball<\/h3>\n\n\n\n<p class=\"has-text-align-center\">Jeu de tir, ludique, sans douleur <br><br><br><\/p>\n\n\n\n<div class=\"wp-block-buttons is-content-justification-center is-layout-flex wp-container-core-buttons-is-layout-16018d1d wp-block-buttons-is-layout-flex\">\n<div class=\"wp-block-button\"><a class=\"wp-block-button__link has-main-color has-green-background-color has-text-color has-background has-link-color wp-element-button\" href=\"https:\/\/www.foretadrenaline.com\/vannes\/les-batailles-de-la-foret-archery-gel-ball\/\" target=\"_blank\" rel=\"noreferrer noopener\">D\u00e9couvrir<\/a><\/div>\n<\/div>\n<\/div>\n<\/div><\/div>\n<\/div>\n\n\n\n<div class=\"wp-block-column is-layout-flow wp-block-column-is-layout-flow\">\n<div class=\"wp-block-group card-activite\"><div class=\"wp-block-group__inner-container is-layout-constrained wp-block-group-is-layout-constrained\">\n<div class=\"wp-block-group card-activite-media is-vertical is-layout-flex wp-container-core-group-is-layout-8cf370e7 wp-block-group-is-layout-flex\">\n<p class=\"card-activite-media-badge card-activite-media-badge-1 has-yellow-light-background-color has-background\">Chasse aux tr\u00e9sors<\/p>\n\n\n\n<p class=\"card-activite-media-badge card-activite-media-badge-2 has-white-background-color has-background\">d\u00e8s 2 ans<\/p>\n\n\n\n<p class=\"card-activite-media-badge card-activite-media-badge-3 has-white-background-color has-background\">1h<\/p>\n\n\n\n<figure class=\"wp-block-image size-large\"><img decoding=\"async\" src=\"https:\/\/www.foretadrenaline.com\/carnac\/wp-content\/uploads\/sites\/2\/2026\/04\/ChatGPT-Image-28-avr.-2026-13_41_45-1024x683.png\" alt=\"\" class=\"wp-image-9787\" style=\"aspect-ratio:16\/9;object-fit:cover\" \/><\/figure>\n<\/div>\n\n\n\n<div class=\"wp-block-group card-activite-content is-vertical is-content-justification-center is-layout-flex wp-container-core-group-is-layout-4b2eccd6 wp-block-group-is-layout-flex\">\n<h3 class=\"wp-block-heading\">Chasse aux tr\u00e9sors<\/h3>\n\n\n\n<p class=\"has-text-align-center\">La qu\u00eate du druide : Aidez Elementis \u00e0 retrouver les \u00e9l\u00e9ments fondamentaux de la nature <br><\/p>\n\n\n\n<div class=\"wp-block-buttons is-content-justification-center is-layout-flex wp-container-core-buttons-is-layout-16018d1d wp-block-buttons-is-layout-flex\">\n<div class=\"wp-block-button\"><a class=\"wp-block-button__link has-main-color has-green-background-color has-text-color has-background has-link-color wp-element-button\" href=\"https:\/\/www.foretadrenaline.com\/vannes\/trampoforest-park-la-quete-du-druide\/\" target=\"_blank\" rel=\"noreferrer noopener\">D\u00e9couvrir<\/a><\/div>\n<\/div>\n<\/div>\n<\/div><\/div>\n<\/div>\n\n\n\n<div class=\"wp-block-column is-layout-flow wp-block-column-is-layout-flow\">\n<div class=\"wp-block-group card-activite\"><div class=\"wp-block-group__inner-container is-layout-constrained wp-block-group-is-layout-constrained\">\n<div class=\"wp-block-group card-activite-media is-vertical is-layout-flex wp-container-core-group-is-layout-8cf370e7 wp-block-group-is-layout-flex\">\n<p class=\"card-activite-media-badge card-activite-media-badge-1 has-yellow-light-background-color has-background\">eSCAPE gAME<\/p>\n\n\n\n<p class=\"card-activite-media-badge card-activite-media-badge-2 has-white-background-color has-background\">D\u00e8s 8 ans<\/p>\n\n\n\n<p class=\"card-activite-media-badge card-activite-media-badge-3 has-white-background-color has-background\">1h<\/p>\n\n\n\n<figure class=\"wp-block-image size-large\"><img decoding=\"async\" src=\"https:\/\/www.foretadrenaline.com\/carnac\/wp-content\/uploads\/sites\/2\/2025\/06\/IMG_E5467-scaled-e1751449247465-1024x817.jpg\" alt=\"Escape Game en for\u00eat \u00e0 Carnac \u2013 For\u00eat Adr\u00e9naline\" class=\"wp-image-8516\" style=\"aspect-ratio:16\/9;object-fit:cover\" \/><\/figure>\n<\/div>\n\n\n\n<div class=\"wp-block-group card-activite-content is-vertical is-content-justification-center is-layout-flex wp-container-core-group-is-layout-4b2eccd6 wp-block-group-is-layout-flex\">\n<h3 class=\"wp-block-heading\">Escape Game<\/h3>\n\n\n\n<p class=\"has-text-align-center\">Une aventure immersive pleine d\u2019\u00e9nigmes et de d\u00e9fis \u00e0 r\u00e9soudre en \u00e9quipe au c\u0153ur de la nature.<br><\/p>\n\n\n\n<div class=\"wp-block-buttons is-content-justification-center is-layout-flex wp-container-core-buttons-is-layout-16018d1d wp-block-buttons-is-layout-flex\">\n<div class=\"wp-block-button\"><a class=\"wp-block-button__link has-main-color has-green-background-color has-text-color has-background has-link-color wp-element-button\" href=\"https:\/\/www.foretadrenaline.com\/vannes\/escape-game-la-quete-du-druide\/\">D\u00e9couvrir<\/a><\/div>\n<\/div>\n<\/div>\n<\/div><\/div>\n<\/div>\n<\/div>\n","protected":false},"excerpt":{"rendered":"<p>Tramp\u00d4forest, Chasse aux tr\u00e9sors, Disc Ball, Escape game, Archery, Gel ball Situ\u00e9 au c\u0153ur de la for\u00eat et \u00e0 quelques minutes du centre ville de Vannes, Tramp\u00d4forest Park a pour envie de vous montrer le monde d&rsquo;une autre mani\u00e8re! Entreprise \u00e0 mission porteuse d&rsquo;un message ludique et p\u00e9dagogie, nous vous proposons de vivre une exp\u00e9rience&hellip;<\/p>\n","protected":false},"author":2,"featured_media":0,"parent":0,"menu_order":0,"comment_status":"closed","ping_status":"closed","template":"","meta":{"_acf_changed":false,"footnotes":""},"class_list":["post-374","page","type-page","status-publish","hentry"],"acf":[],"yoast_head":"<!-- This site is optimized with the Yoast SEO plugin v27.5 - https:\/\/yoast.com\/product\/yoast-seo-wordpress\/ -->\n<title>Nos activit\u00e9s - Tramp\u00d4forest\u00ae Park Vannes<\/title>\n<meta name=\"description\" content=\"Nos activit\u00e9s - Tramp\u00d4forest\u00ae Park Vannes : Tramp\u00d4forest, les batailles de la for\u00eat, chasse aux tr\u00e9sors et disc golf\" \/>\n<meta name=\"robots\" content=\"index, follow, max-snippet:-1, max-image-preview:large, max-video-preview:-1\" \/>\n<link rel=\"canonical\" href=\"https:\/\/www.foretadrenaline.com\/vannes\/nos-activites-trampoforest-park-vannes\/\" \/>\n<meta property=\"og:locale\" content=\"fr_FR\" \/>\n<meta property=\"og:type\" content=\"article\" \/>\n<meta property=\"og:title\" content=\"Nos activit\u00e9s - Tramp\u00d4forest\u00ae Park Vannes\" \/>\n<meta property=\"og:description\" content=\"Nos activit\u00e9s - Tramp\u00d4forest\u00ae Park Vannes : Tramp\u00d4forest, les batailles de la for\u00eat, chasse aux tr\u00e9sors et disc golf\" \/>\n<meta property=\"og:url\" content=\"https:\/\/www.foretadrenaline.com\/vannes\/nos-activites-trampoforest-park-vannes\/\" \/>\n<meta property=\"og:site_name\" content=\"For\u00eat Adr\u00e9naline - Vannes\" \/>\n<meta property=\"article:modified_time\" content=\"2026-05-05T12:42:01+00:00\" \/>\n<meta name=\"twitter:card\" content=\"summary_large_image\" \/>\n<meta name=\"twitter:label1\" content=\"Dur\u00e9e de lecture estim\u00e9e\" \/>\n\t<meta name=\"twitter:data1\" content=\"3 minutes\" \/>\n<script type=\"application\/ld+json\" class=\"yoast-schema-graph\">{\"@context\":\"https:\\\/\\\/schema.org\",\"@graph\":[{\"@type\":\"WebPage\",\"@id\":\"https:\\\/\\\/www.foretadrenaline.com\\\/vannes\\\/nos-activites-trampoforest-park-vannes\\\/\",\"url\":\"https:\\\/\\\/www.foretadrenaline.com\\\/vannes\\\/nos-activites-trampoforest-park-vannes\\\/\",\"name\":\"Nos activit\u00e9s - Tramp\u00d4forest\u00ae Park Vannes\",\"isPartOf\":{\"@id\":\"https:\\\/\\\/www.foretadrenaline.com\\\/vannes\\\/#website\"},\"primaryImageOfPage\":{\"@id\":\"https:\\\/\\\/www.foretadrenaline.com\\\/vannes\\\/nos-activites-trampoforest-park-vannes\\\/#primaryimage\"},\"image\":{\"@id\":\"https:\\\/\\\/www.foretadrenaline.com\\\/vannes\\\/nos-activites-trampoforest-park-vannes\\\/#primaryimage\"},\"thumbnailUrl\":\"https:\\\/\\\/www.foretadrenaline.com\\\/carnac\\\/wp-content\\\/uploads\\\/sites\\\/2\\\/2025\\\/01\\\/Foret-Adrenaline_tyrolienne-impressionnante_@IMADGIN-1024x683.jpg\",\"datePublished\":\"2026-04-29T06:14:31+00:00\",\"dateModified\":\"2026-05-05T12:42:01+00:00\",\"description\":\"Nos activit\u00e9s - Tramp\u00d4forest\u00ae Park Vannes : Tramp\u00d4forest, les batailles de la for\u00eat, chasse aux tr\u00e9sors et disc golf\",\"breadcrumb\":{\"@id\":\"https:\\\/\\\/www.foretadrenaline.com\\\/vannes\\\/nos-activites-trampoforest-park-vannes\\\/#breadcrumb\"},\"inLanguage\":\"fr-FR\",\"potentialAction\":[{\"@type\":\"ReadAction\",\"target\":[\"https:\\\/\\\/www.foretadrenaline.com\\\/vannes\\\/nos-activites-trampoforest-park-vannes\\\/\"]}]},{\"@type\":\"ImageObject\",\"inLanguage\":\"fr-FR\",\"@id\":\"https:\\\/\\\/www.foretadrenaline.com\\\/vannes\\\/nos-activites-trampoforest-park-vannes\\\/#primaryimage\",\"url\":\"https:\\\/\\\/www.foretadrenaline.com\\\/carnac\\\/wp-content\\\/uploads\\\/sites\\\/2\\\/2025\\\/01\\\/Foret-Adrenaline_tyrolienne-impressionnante_@IMADGIN-1024x683.jpg\",\"contentUrl\":\"https:\\\/\\\/www.foretadrenaline.com\\\/carnac\\\/wp-content\\\/uploads\\\/sites\\\/2\\\/2025\\\/01\\\/Foret-Adrenaline_tyrolienne-impressionnante_@IMADGIN-1024x683.jpg\"},{\"@type\":\"BreadcrumbList\",\"@id\":\"https:\\\/\\\/www.foretadrenaline.com\\\/vannes\\\/nos-activites-trampoforest-park-vannes\\\/#breadcrumb\",\"itemListElement\":[{\"@type\":\"ListItem\",\"position\":1,\"name\":\"Accueil\",\"item\":\"https:\\\/\\\/www.foretadrenaline.com\\\/vannes\\\/\"},{\"@type\":\"ListItem\",\"position\":2,\"name\":\"Nos activit\u00e9s\"}]},{\"@type\":\"WebSite\",\"@id\":\"https:\\\/\\\/www.foretadrenaline.com\\\/vannes\\\/#website\",\"url\":\"https:\\\/\\\/www.foretadrenaline.com\\\/vannes\\\/\",\"name\":\"For\u00eat Adr\u00e9naline - Vannes\",\"description\":\"\",\"potentialAction\":[{\"@type\":\"SearchAction\",\"target\":{\"@type\":\"EntryPoint\",\"urlTemplate\":\"https:\\\/\\\/www.foretadrenaline.com\\\/vannes\\\/?s={search_term_string}\"},\"query-input\":{\"@type\":\"PropertyValueSpecification\",\"valueRequired\":true,\"valueName\":\"search_term_string\"}}],\"inLanguage\":\"fr-FR\"}]}<\/script>\n<!-- \/ Yoast SEO plugin. -->","yoast_head_json":{"title":"Nos activit\u00e9s - Tramp\u00d4forest\u00ae Park Vannes","description":"Nos activit\u00e9s - Tramp\u00d4forest\u00ae Park Vannes : Tramp\u00d4forest, les batailles de la for\u00eat, chasse aux tr\u00e9sors et disc golf","robots":{"index":"index","follow":"follow","max-snippet":"max-snippet:-1","max-image-preview":"max-image-preview:large","max-video-preview":"max-video-preview:-1"},"canonical":"https:\/\/www.foretadrenaline.com\/vannes\/nos-activites-trampoforest-park-vannes\/","og_locale":"fr_FR","og_type":"article","og_title":"Nos activit\u00e9s - Tramp\u00d4forest\u00ae Park Vannes","og_description":"Nos activit\u00e9s - Tramp\u00d4forest\u00ae Park Vannes : Tramp\u00d4forest, les batailles de la for\u00eat, chasse aux tr\u00e9sors et disc golf","og_url":"https:\/\/www.foretadrenaline.com\/vannes\/nos-activites-trampoforest-park-vannes\/","og_site_name":"For\u00eat Adr\u00e9naline - Vannes","article_modified_time":"2026-05-05T12:42:01+00:00","twitter_card":"summary_large_image","twitter_misc":{"Dur\u00e9e de lecture estim\u00e9e":"3 minutes"},"schema":{"@context":"https:\/\/schema.org","@graph":[{"@type":"WebPage","@id":"https:\/\/www.foretadrenaline.com\/vannes\/nos-activites-trampoforest-park-vannes\/","url":"https:\/\/www.foretadrenaline.com\/vannes\/nos-activites-trampoforest-park-vannes\/","name":"Nos activit\u00e9s - Tramp\u00d4forest\u00ae Park Vannes","isPartOf":{"@id":"https:\/\/www.foretadrenaline.com\/vannes\/#website"},"primaryImageOfPage":{"@id":"https:\/\/www.foretadrenaline.com\/vannes\/nos-activites-trampoforest-park-vannes\/#primaryimage"},"image":{"@id":"https:\/\/www.foretadrenaline.com\/vannes\/nos-activites-trampoforest-park-vannes\/#primaryimage"},"thumbnailUrl":"https:\/\/www.foretadrenaline.com\/carnac\/wp-content\/uploads\/sites\/2\/2025\/01\/Foret-Adrenaline_tyrolienne-impressionnante_@IMADGIN-1024x683.jpg","datePublished":"2026-04-29T06:14:31+00:00","dateModified":"2026-05-05T12:42:01+00:00","description":"Nos activit\u00e9s - Tramp\u00d4forest\u00ae Park Vannes : Tramp\u00d4forest, les batailles de la for\u00eat, chasse aux tr\u00e9sors et disc golf","breadcrumb":{"@id":"https:\/\/www.foretadrenaline.com\/vannes\/nos-activites-trampoforest-park-vannes\/#breadcrumb"},"inLanguage":"fr-FR","potentialAction":[{"@type":"ReadAction","target":["https:\/\/www.foretadrenaline.com\/vannes\/nos-activites-trampoforest-park-vannes\/"]}]},{"@type":"ImageObject","inLanguage":"fr-FR","@id":"https:\/\/www.foretadrenaline.com\/vannes\/nos-activites-trampoforest-park-vannes\/#primaryimage","url":"https:\/\/www.foretadrenaline.com\/carnac\/wp-content\/uploads\/sites\/2\/2025\/01\/Foret-Adrenaline_tyrolienne-impressionnante_@IMADGIN-1024x683.jpg","contentUrl":"https:\/\/www.foretadrenaline.com\/carnac\/wp-content\/uploads\/sites\/2\/2025\/01\/Foret-Adrenaline_tyrolienne-impressionnante_@IMADGIN-1024x683.jpg"},{"@type":"BreadcrumbList","@id":"https:\/\/www.foretadrenaline.com\/vannes\/nos-activites-trampoforest-park-vannes\/#breadcrumb","itemListElement":[{"@type":"ListItem","position":1,"name":"Accueil","item":"https:\/\/www.foretadrenaline.com\/vannes\/"},{"@type":"ListItem","position":2,"name":"Nos activit\u00e9s"}]},{"@type":"WebSite","@id":"https:\/\/www.foretadrenaline.com\/vannes\/#website","url":"https:\/\/www.foretadrenaline.com\/vannes\/","name":"For\u00eat Adr\u00e9naline - Vannes","description":"","potentialAction":[{"@type":"SearchAction","target":{"@type":"EntryPoint","urlTemplate":"https:\/\/www.foretadrenaline.com\/vannes\/?s={search_term_string}"},"query-input":{"@type":"PropertyValueSpecification","valueRequired":true,"valueName":"search_term_string"}}],"inLanguage":"fr-FR"}]}},"_links":{"self":[{"href":"https:\/\/www.foretadrenaline.com\/vannes\/wp-json\/wp\/v2\/pages\/374","targetHints":{"allow":["GET"]}}],"collection":[{"href":"https:\/\/www.foretadrenaline.com\/vannes\/wp-json\/wp\/v2\/pages"}],"about":[{"href":"https:\/\/www.foretadrenaline.com\/vannes\/wp-json\/wp\/v2\/types\/page"}],"author":[{"embeddable":true,"href":"https:\/\/www.foretadrenaline.com\/vannes\/wp-json\/wp\/v2\/users\/2"}],"replies":[{"embeddable":true,"href":"https:\/\/www.foretadrenaline.com\/vannes\/wp-json\/wp\/v2\/comments?post=374"}],"version-history":[{"count":3,"href":"https:\/\/www.foretadrenaline.com\/vannes\/wp-json\/wp\/v2\/pages\/374\/revisions"}],"predecessor-version":[{"id":651,"href":"https:\/\/www.foretadrenaline.com\/vannes\/wp-json\/wp\/v2\/pages\/374\/revisions\/651"}],"wp:attachment":[{"href":"https:\/\/www.foretadrenaline.com\/vannes\/wp-json\/wp\/v2\/media?parent=374"}],"curies":[{"name":"wp","href":"https:\/\/api.w.org\/{rel}","templated":true}]}}