{"id":407,"date":"2026-04-29T09:41:59","date_gmt":"2026-04-29T07:41:59","guid":{"rendered":"https:\/\/www.foretadrenaline.com\/vannes\/?page_id=407"},"modified":"2026-05-05T13:50:26","modified_gmt":"2026-05-05T11:50:26","slug":"offres-groupes","status":"publish","type":"page","link":"https:\/\/www.foretadrenaline.com\/vannes\/offres-groupes\/","title":{"rendered":"Les offres groupes"},"content":{"rendered":"\n<h2 class=\"wp-block-heading\">\u00c9v\u00e9nements particuliers, \u00c9tablissements scolaires &amp; CLSH, Entreprises &#8211; Nos offres groupes<\/h2>\n\n\n\n<h3 class=\"wp-block-heading has-text-align-left\"><strong>Un accueil sur mesure pour chaque occasion<\/strong><\/h3>\n\n\n\n<p>Vous cherchez une id\u00e9e originale pour c\u00e9l\u00e9brer un \u00e9v\u00e9nement ou organiser une activit\u00e9 avec vos amis, votre famille, vos collaborateurs, vos \u00e9l\u00e8ves, etc ? Profitez d\u2019un large choix d\u2019activit\u00e9s ludiques et sportives en plein air et adapt\u00e9es \u00e0 tous les \u00e2ges et \u00e0 tous les niveaux. D\u00e9couvrez nos offres groupes<\/p>\n\n\n\n<p class=\"has-text-align-center\"><strong>ANNIVERSAIRE &#8211; EVG &amp; EVJF &#8211; COUSINADE &#8211; SORTIE SCOLAIRE &amp; CLSH &#8211; ASSOCIATION &amp; CLUB DE SPORT &#8211; ENTREPRISES<\/strong><\/p>\n\n\n\n<div class=\"wp-block-columns is-layout-flex wp-container-core-columns-is-layout-9d6595d7 wp-block-columns-is-layout-flex\">\n<div class=\"wp-block-column is-layout-flow wp-block-column-is-layout-flow\">\n<div class=\"wp-block-group card-activite\"><div class=\"wp-block-group__inner-container is-layout-constrained wp-block-group-is-layout-constrained\">\n<div class=\"wp-block-group card-activite-media is-vertical is-layout-flex wp-container-core-group-is-layout-8cf370e7 wp-block-group-is-layout-flex\">\n<p class=\"card-activite-media-badge card-activite-media-badge-1 has-yellow-light-background-color has-background\">vos \u00e9v\u00e9nements<\/p>\n\n\n\n<p class=\"card-activite-media-badge card-activite-media-badge-2 has-white-background-color has-background\">ANNIV<\/p>\n\n\n\n<p class=\"card-activite-media-badge card-activite-media-badge-3 has-green-background-color has-background\">EVG &amp; EVJF<\/p>\n\n\n\n<figure class=\"wp-block-image size-full\"><img decoding=\"async\" src=\"https:\/\/www.foretadrenaline.com\/carnac\/wp-content\/uploads\/sites\/2\/2020\/02\/35932355_2067465286658915_8329215122056675328_n.jpg\" alt=\"anniversaire bretagne\" class=\"wp-image-2984\" style=\"aspect-ratio:16\/9;object-fit:cover\" \/><\/figure>\n<\/div>\n\n\n\n<div class=\"wp-block-group card-activite-content is-vertical is-content-justification-center is-layout-flex wp-container-core-group-is-layout-4b2eccd6 wp-block-group-is-layout-flex\">\n<h3 class=\"wp-block-heading has-text-align-center\">ANNIVERSAIRES \/ EVG &amp; EVJF  etc <\/h3>\n\n\n\n<p class=\"has-text-align-center\">D\u00e9couvrez nos offres anniversaire, EVG &amp; EVJF, cousinades, etc&#8230;.<br><\/p>\n\n\n\n<div class=\"wp-block-buttons is-content-justification-center is-layout-flex wp-container-core-buttons-is-layout-16018d1d wp-block-buttons-is-layout-flex\">\n<div class=\"wp-block-button\"><a class=\"wp-block-button__link has-main-color has-green-background-color has-text-color has-background has-link-color wp-element-button\" href=\"https:\/\/www.foretadrenaline.com\/vannes\/evenements-anniversaires-evg-evjf-cousinades\/\" target=\"_blank\" rel=\"noreferrer noopener\">D\u00e9couvrir<\/a><\/div>\n<\/div>\n<\/div>\n<\/div><\/div>\n<\/div>\n\n\n\n<div class=\"wp-block-column is-layout-flow wp-block-column-is-layout-flow\">\n<div class=\"wp-block-group card-activite\"><div class=\"wp-block-group__inner-container is-layout-constrained wp-block-group-is-layout-constrained\">\n<div class=\"wp-block-group card-activite-media is-vertical is-layout-flex wp-container-core-group-is-layout-8cf370e7 wp-block-group-is-layout-flex\">\n<p class=\"card-activite-media-badge card-activite-media-badge-1 has-yellow-light-background-color has-background\">SCOLAIRES<\/p>\n\n\n\n<p class=\"card-activite-media-badge card-activite-media-badge-2 has-white-background-color has-background\">CLSH<\/p>\n\n\n\n<p class=\"card-activite-media-badge card-activite-media-badge-3 has-green-background-color has-background\">ASSOCIATIONS<\/p>\n\n\n\n<figure class=\"wp-block-image size-full\"><img loading=\"lazy\" decoding=\"async\" width=\"2048\" height=\"1365\" src=\"https:\/\/www.foretadrenaline.com\/vannes\/wp-content\/uploads\/sites\/6\/2026\/04\/studio4k-239-1-1-scaled.jpg\" alt=\"\" class=\"wp-image-366\" style=\"aspect-ratio:16\/9;object-fit:cover\" srcset=\"https:\/\/www.foretadrenaline.com\/vannes\/wp-content\/uploads\/sites\/6\/2026\/04\/studio4k-239-1-1-scaled.jpg 2048w, https:\/\/www.foretadrenaline.com\/vannes\/wp-content\/uploads\/sites\/6\/2026\/04\/studio4k-239-1-1-300x200.jpg 300w, https:\/\/www.foretadrenaline.com\/vannes\/wp-content\/uploads\/sites\/6\/2026\/04\/studio4k-239-1-1-1024x683.jpg 1024w, https:\/\/www.foretadrenaline.com\/vannes\/wp-content\/uploads\/sites\/6\/2026\/04\/studio4k-239-1-1-768x512.jpg 768w, https:\/\/www.foretadrenaline.com\/vannes\/wp-content\/uploads\/sites\/6\/2026\/04\/studio4k-239-1-1-1536x1024.jpg 1536w, https:\/\/www.foretadrenaline.com\/vannes\/wp-content\/uploads\/sites\/6\/2026\/04\/studio4k-239-1-1-1200x800.jpg 1200w\" sizes=\"auto, (max-width: 2048px) 100vw, 2048px\" \/><\/figure>\n<\/div>\n\n\n\n<div class=\"wp-block-group card-activite-content is-vertical is-content-justification-center is-layout-flex wp-container-core-group-is-layout-4b2eccd6 wp-block-group-is-layout-flex\">\n<h3 class=\"wp-block-heading has-text-align-center\">SCOLAIRES \/ CLSH \/ ASSOCIATIONS<\/h3>\n\n\n\n<p class=\"has-text-align-center\">Entrez dans la l\u00e9gende et Faites d\u00e9couvrir \u00e0 vos \u00e9l\u00e8ves des moments de partage uniques et ludiques <\/p>\n\n\n\n<div class=\"wp-block-buttons is-content-justification-center is-layout-flex wp-container-core-buttons-is-layout-16018d1d wp-block-buttons-is-layout-flex\">\n<div class=\"wp-block-button\"><a class=\"wp-block-button__link has-main-color has-green-background-color has-text-color has-background has-link-color wp-element-button\" href=\"https:\/\/www.foretadrenaline.com\/vannes\/sortie-scolaire-et-pedagogique-vannes\/\" target=\"_blank\" rel=\"noreferrer noopener\">D\u00e9couvrir<\/a><\/div>\n<\/div>\n<\/div>\n<\/div><\/div>\n<\/div>\n\n\n\n<div class=\"wp-block-column is-layout-flow wp-block-column-is-layout-flow\">\n<div class=\"wp-block-group card-activite\"><div class=\"wp-block-group__inner-container is-layout-constrained wp-block-group-is-layout-constrained\">\n<div class=\"wp-block-group card-activite-media is-vertical is-layout-flex wp-container-core-group-is-layout-8cf370e7 wp-block-group-is-layout-flex\">\n<p class=\"card-activite-media-badge card-activite-media-badge-1 has-yellow-light-background-color has-background\">entreprises<\/p>\n\n\n\n<p class=\"card-activite-media-badge card-activite-media-badge-2 has-white-background-color has-background\">TEAM BUILDING<\/p>\n\n\n\n<p class=\"card-activite-media-badge card-activite-media-badge-3 has-green-background-color has-background\">S\u00c9MINAIRES<\/p>\n\n\n\n<figure class=\"wp-block-image size-full\"><img loading=\"lazy\" decoding=\"async\" width=\"2016\" height=\"1512\" src=\"https:\/\/www.foretadrenaline.com\/vannes\/wp-content\/uploads\/sites\/6\/2026\/04\/IMG_8445.jpg\" alt=\"\" class=\"wp-image-469\" style=\"aspect-ratio:16\/9;object-fit:cover\" srcset=\"https:\/\/www.foretadrenaline.com\/vannes\/wp-content\/uploads\/sites\/6\/2026\/04\/IMG_8445.jpg 2016w, https:\/\/www.foretadrenaline.com\/vannes\/wp-content\/uploads\/sites\/6\/2026\/04\/IMG_8445-300x225.jpg 300w, https:\/\/www.foretadrenaline.com\/vannes\/wp-content\/uploads\/sites\/6\/2026\/04\/IMG_8445-1024x768.jpg 1024w, https:\/\/www.foretadrenaline.com\/vannes\/wp-content\/uploads\/sites\/6\/2026\/04\/IMG_8445-768x576.jpg 768w, https:\/\/www.foretadrenaline.com\/vannes\/wp-content\/uploads\/sites\/6\/2026\/04\/IMG_8445-1536x1152.jpg 1536w, https:\/\/www.foretadrenaline.com\/vannes\/wp-content\/uploads\/sites\/6\/2026\/04\/IMG_8445-1200x900.jpg 1200w\" sizes=\"auto, (max-width: 2016px) 100vw, 2016px\" \/><\/figure>\n<\/div>\n\n\n\n<div class=\"wp-block-group card-activite-content is-vertical is-content-justification-center is-layout-flex wp-container-core-group-is-layout-4b2eccd6 wp-block-group-is-layout-flex\">\n<h3 class=\"wp-block-heading has-text-align-center\">ENTREPRISES<\/h3>\n\n\n\n<p class=\"has-text-align-center\">Au programme: convivialit\u00e9, coh\u00e9sion, moments de partages, entraide &amp; communication<br><\/p>\n\n\n\n<div class=\"wp-block-buttons is-content-justification-center is-layout-flex wp-container-core-buttons-is-layout-16018d1d wp-block-buttons-is-layout-flex\">\n<div class=\"wp-block-button\"><a class=\"wp-block-button__link has-main-color has-green-background-color has-text-color has-background has-link-color wp-element-button\" href=\"https:\/\/www.foretadrenaline.com\/vannes\/team-building-seminaire-sortie-dentreprise\/\" target=\"_blank\" rel=\"noreferrer noopener\">D\u00e9couvrir<\/a><\/div>\n<\/div>\n<\/div>\n<\/div><\/div>\n<\/div>\n<\/div>\n\n\n\n<p><\/p>\n","protected":false},"excerpt":{"rendered":"<p>\u00c9v\u00e9nements particuliers, \u00c9tablissements scolaires &amp; CLSH, Entreprises &#8211; Nos offres groupes Un accueil sur mesure pour chaque occasion Vous cherchez une id\u00e9e originale pour c\u00e9l\u00e9brer un \u00e9v\u00e9nement ou organiser une activit\u00e9 avec vos amis, votre famille, vos collaborateurs, vos \u00e9l\u00e8ves, etc ? Profitez d\u2019un large choix d\u2019activit\u00e9s ludiques et sportives en plein air et adapt\u00e9es&hellip;<\/p>\n","protected":false},"author":2,"featured_media":0,"parent":0,"menu_order":0,"comment_status":"closed","ping_status":"closed","template":"","meta":{"_acf_changed":false,"footnotes":""},"class_list":["post-407","page","type-page","status-publish","hentry"],"acf":[],"yoast_head":"<!-- This site is optimized with the Yoast SEO plugin v27.5 - https:\/\/yoast.com\/product\/yoast-seo-wordpress\/ -->\n<title>Les offres groupes - Tramp\u00d4forest Park Vannes<\/title>\n<meta name=\"robots\" content=\"index, follow, max-snippet:-1, max-image-preview:large, max-video-preview:-1\" \/>\n<link rel=\"canonical\" href=\"https:\/\/www.foretadrenaline.com\/vannes\/offres-groupes\/\" \/>\n<meta property=\"og:locale\" content=\"fr_FR\" \/>\n<meta property=\"og:type\" content=\"article\" \/>\n<meta property=\"og:title\" content=\"Les offres groupes - Tramp\u00d4forest Park Vannes\" \/>\n<meta property=\"og:description\" content=\"\u00c9v\u00e9nements particuliers, \u00c9tablissements scolaires &amp; CLSH, Entreprises &#8211; Nos offres groupes Un accueil sur mesure pour chaque occasion Vous cherchez une id\u00e9e originale pour c\u00e9l\u00e9brer un \u00e9v\u00e9nement ou organiser une activit\u00e9 avec vos amis, votre famille, vos collaborateurs, vos \u00e9l\u00e8ves, etc ? Profitez d\u2019un large choix d\u2019activit\u00e9s ludiques et sportives en plein air et adapt\u00e9es&hellip;\" \/>\n<meta property=\"og:url\" content=\"https:\/\/www.foretadrenaline.com\/vannes\/offres-groupes\/\" \/>\n<meta property=\"og:site_name\" content=\"For\u00eat Adr\u00e9naline - Vannes\" \/>\n<meta property=\"article:modified_time\" content=\"2026-05-05T11:50:26+00:00\" \/>\n<meta name=\"twitter:card\" content=\"summary_large_image\" \/>\n<meta name=\"twitter:label1\" content=\"Dur\u00e9e de lecture estim\u00e9e\" \/>\n\t<meta name=\"twitter:data1\" content=\"2 minutes\" \/>\n<script type=\"application\/ld+json\" class=\"yoast-schema-graph\">{\"@context\":\"https:\\\/\\\/schema.org\",\"@graph\":[{\"@type\":\"WebPage\",\"@id\":\"https:\\\/\\\/www.foretadrenaline.com\\\/vannes\\\/offres-groupes\\\/\",\"url\":\"https:\\\/\\\/www.foretadrenaline.com\\\/vannes\\\/offres-groupes\\\/\",\"name\":\"Les offres groupes - Tramp\u00d4forest Park Vannes\",\"isPartOf\":{\"@id\":\"https:\\\/\\\/www.foretadrenaline.com\\\/vannes\\\/#website\"},\"primaryImageOfPage\":{\"@id\":\"https:\\\/\\\/www.foretadrenaline.com\\\/vannes\\\/offres-groupes\\\/#primaryimage\"},\"image\":{\"@id\":\"https:\\\/\\\/www.foretadrenaline.com\\\/vannes\\\/offres-groupes\\\/#primaryimage\"},\"thumbnailUrl\":\"https:\\\/\\\/www.foretadrenaline.com\\\/carnac\\\/wp-content\\\/uploads\\\/sites\\\/2\\\/2020\\\/02\\\/35932355_2067465286658915_8329215122056675328_n.jpg\",\"datePublished\":\"2026-04-29T07:41:59+00:00\",\"dateModified\":\"2026-05-05T11:50:26+00:00\",\"breadcrumb\":{\"@id\":\"https:\\\/\\\/www.foretadrenaline.com\\\/vannes\\\/offres-groupes\\\/#breadcrumb\"},\"inLanguage\":\"fr-FR\",\"potentialAction\":[{\"@type\":\"ReadAction\",\"target\":[\"https:\\\/\\\/www.foretadrenaline.com\\\/vannes\\\/offres-groupes\\\/\"]}]},{\"@type\":\"ImageObject\",\"inLanguage\":\"fr-FR\",\"@id\":\"https:\\\/\\\/www.foretadrenaline.com\\\/vannes\\\/offres-groupes\\\/#primaryimage\",\"url\":\"https:\\\/\\\/www.foretadrenaline.com\\\/carnac\\\/wp-content\\\/uploads\\\/sites\\\/2\\\/2020\\\/02\\\/35932355_2067465286658915_8329215122056675328_n.jpg\",\"contentUrl\":\"https:\\\/\\\/www.foretadrenaline.com\\\/carnac\\\/wp-content\\\/uploads\\\/sites\\\/2\\\/2020\\\/02\\\/35932355_2067465286658915_8329215122056675328_n.jpg\"},{\"@type\":\"BreadcrumbList\",\"@id\":\"https:\\\/\\\/www.foretadrenaline.com\\\/vannes\\\/offres-groupes\\\/#breadcrumb\",\"itemListElement\":[{\"@type\":\"ListItem\",\"position\":1,\"name\":\"Accueil\",\"item\":\"https:\\\/\\\/www.foretadrenaline.com\\\/vannes\\\/\"},{\"@type\":\"ListItem\",\"position\":2,\"name\":\"Les offres groupes\"}]},{\"@type\":\"WebSite\",\"@id\":\"https:\\\/\\\/www.foretadrenaline.com\\\/vannes\\\/#website\",\"url\":\"https:\\\/\\\/www.foretadrenaline.com\\\/vannes\\\/\",\"name\":\"For\u00eat Adr\u00e9naline - Vannes\",\"description\":\"\",\"potentialAction\":[{\"@type\":\"SearchAction\",\"target\":{\"@type\":\"EntryPoint\",\"urlTemplate\":\"https:\\\/\\\/www.foretadrenaline.com\\\/vannes\\\/?s={search_term_string}\"},\"query-input\":{\"@type\":\"PropertyValueSpecification\",\"valueRequired\":true,\"valueName\":\"search_term_string\"}}],\"inLanguage\":\"fr-FR\"}]}<\/script>\n<!-- \/ Yoast SEO plugin. -->","yoast_head_json":{"title":"Les offres groupes - Tramp\u00d4forest Park Vannes","robots":{"index":"index","follow":"follow","max-snippet":"max-snippet:-1","max-image-preview":"max-image-preview:large","max-video-preview":"max-video-preview:-1"},"canonical":"https:\/\/www.foretadrenaline.com\/vannes\/offres-groupes\/","og_locale":"fr_FR","og_type":"article","og_title":"Les offres groupes - Tramp\u00d4forest Park Vannes","og_description":"\u00c9v\u00e9nements particuliers, \u00c9tablissements scolaires &amp; CLSH, Entreprises &#8211; Nos offres groupes Un accueil sur mesure pour chaque occasion Vous cherchez une id\u00e9e originale pour c\u00e9l\u00e9brer un \u00e9v\u00e9nement ou organiser une activit\u00e9 avec vos amis, votre famille, vos collaborateurs, vos \u00e9l\u00e8ves, etc ? Profitez d\u2019un large choix d\u2019activit\u00e9s ludiques et sportives en plein air et adapt\u00e9es&hellip;","og_url":"https:\/\/www.foretadrenaline.com\/vannes\/offres-groupes\/","og_site_name":"For\u00eat Adr\u00e9naline - Vannes","article_modified_time":"2026-05-05T11:50:26+00:00","twitter_card":"summary_large_image","twitter_misc":{"Dur\u00e9e de lecture estim\u00e9e":"2 minutes"},"schema":{"@context":"https:\/\/schema.org","@graph":[{"@type":"WebPage","@id":"https:\/\/www.foretadrenaline.com\/vannes\/offres-groupes\/","url":"https:\/\/www.foretadrenaline.com\/vannes\/offres-groupes\/","name":"Les offres groupes - Tramp\u00d4forest Park Vannes","isPartOf":{"@id":"https:\/\/www.foretadrenaline.com\/vannes\/#website"},"primaryImageOfPage":{"@id":"https:\/\/www.foretadrenaline.com\/vannes\/offres-groupes\/#primaryimage"},"image":{"@id":"https:\/\/www.foretadrenaline.com\/vannes\/offres-groupes\/#primaryimage"},"thumbnailUrl":"https:\/\/www.foretadrenaline.com\/carnac\/wp-content\/uploads\/sites\/2\/2020\/02\/35932355_2067465286658915_8329215122056675328_n.jpg","datePublished":"2026-04-29T07:41:59+00:00","dateModified":"2026-05-05T11:50:26+00:00","breadcrumb":{"@id":"https:\/\/www.foretadrenaline.com\/vannes\/offres-groupes\/#breadcrumb"},"inLanguage":"fr-FR","potentialAction":[{"@type":"ReadAction","target":["https:\/\/www.foretadrenaline.com\/vannes\/offres-groupes\/"]}]},{"@type":"ImageObject","inLanguage":"fr-FR","@id":"https:\/\/www.foretadrenaline.com\/vannes\/offres-groupes\/#primaryimage","url":"https:\/\/www.foretadrenaline.com\/carnac\/wp-content\/uploads\/sites\/2\/2020\/02\/35932355_2067465286658915_8329215122056675328_n.jpg","contentUrl":"https:\/\/www.foretadrenaline.com\/carnac\/wp-content\/uploads\/sites\/2\/2020\/02\/35932355_2067465286658915_8329215122056675328_n.jpg"},{"@type":"BreadcrumbList","@id":"https:\/\/www.foretadrenaline.com\/vannes\/offres-groupes\/#breadcrumb","itemListElement":[{"@type":"ListItem","position":1,"name":"Accueil","item":"https:\/\/www.foretadrenaline.com\/vannes\/"},{"@type":"ListItem","position":2,"name":"Les offres groupes"}]},{"@type":"WebSite","@id":"https:\/\/www.foretadrenaline.com\/vannes\/#website","url":"https:\/\/www.foretadrenaline.com\/vannes\/","name":"For\u00eat Adr\u00e9naline - Vannes","description":"","potentialAction":[{"@type":"SearchAction","target":{"@type":"EntryPoint","urlTemplate":"https:\/\/www.foretadrenaline.com\/vannes\/?s={search_term_string}"},"query-input":{"@type":"PropertyValueSpecification","valueRequired":true,"valueName":"search_term_string"}}],"inLanguage":"fr-FR"}]}},"_links":{"self":[{"href":"https:\/\/www.foretadrenaline.com\/vannes\/wp-json\/wp\/v2\/pages\/407","targetHints":{"allow":["GET"]}}],"collection":[{"href":"https:\/\/www.foretadrenaline.com\/vannes\/wp-json\/wp\/v2\/pages"}],"about":[{"href":"https:\/\/www.foretadrenaline.com\/vannes\/wp-json\/wp\/v2\/types\/page"}],"author":[{"embeddable":true,"href":"https:\/\/www.foretadrenaline.com\/vannes\/wp-json\/wp\/v2\/users\/2"}],"replies":[{"embeddable":true,"href":"https:\/\/www.foretadrenaline.com\/vannes\/wp-json\/wp\/v2\/comments?post=407"}],"version-history":[{"count":3,"href":"https:\/\/www.foretadrenaline.com\/vannes\/wp-json\/wp\/v2\/pages\/407\/revisions"}],"predecessor-version":[{"id":590,"href":"https:\/\/www.foretadrenaline.com\/vannes\/wp-json\/wp\/v2\/pages\/407\/revisions\/590"}],"wp:attachment":[{"href":"https:\/\/www.foretadrenaline.com\/vannes\/wp-json\/wp\/v2\/media?parent=407"}],"curies":[{"name":"wp","href":"https:\/\/api.w.org\/{rel}","templated":true}]}}